{"id":3579,"date":"2024-11-04T23:23:24","date_gmt":"2024-11-05T02:23:24","guid":{"rendered":"https:\/\/postgrado.eco.una.py\/?page_id=3579"},"modified":"2026-04-15T13:57:07","modified_gmt":"2026-04-15T16:57:07","slug":"diplomado-en-gestion-de-suministros-y-contrataciones-publicas","status":"publish","type":"page","link":"https:\/\/postgrado.eco.una.py\/?page_id=3579","title":{"rendered":"DIPLOMADO EN GESTI\u00d3N DE SUMINISTROS Y CONTRATACIONES P\u00daBLICAS"},"content":{"rendered":"\n<p><\/p>\n\n\n\n<div class=\"wp-block-uagb-advanced-heading uagb-block-26bec0b8\"><h2 class=\"uagb-heading-text\"><strong>DIPLOMADO EN GESTI\u00d3N DE SUMINISTROS Y CONTRATACIONES P\u00daBLICAS<\/strong><\/h2><div class=\"uagb-separator\"><\/div><\/div>\n\n\n\n<div class=\"wp-block-uagb-tabs uagb-block-eda320f9 uagb-tabs__wrap uagb-tabs__vstyle6-desktop uagb-tabs__vstyle6-tablet uagb-tabs__stack1-mobile\" data-tab-active=\"0\"><ul class=\"uagb-tabs__panel uagb-tabs__align-left\" role=\"tablist\"><li class=\"uagb-tab uagb-tabs__active\" role=\"none\"><a href=\"#uagb-tabs__tab0\" class=\"uagb-tabs-list uagb-tabs__icon-position-left\" data-tab=\"0\" role=\"tab\"><span class=\"uagb-tabs__icon\"><svg xmlns=\"https:\/\/www.w3.org\/2000\/svg\" viewBox=\"0 0 448 512\"><path d=\"M246.6 233.4l-160-160c-12.5-12.5-32.75-12.5-45.25 0s-12.5 32.75 0 45.25L178.8 256l-137.4 137.4c-12.5 12.5-12.5 32.75 0 45.25C47.63 444.9 55.81 448 64 448s16.38-3.125 22.62-9.375l160-160C259.1 266.1 259.1 245.9 246.6 233.4zM438.6 233.4l-160-160c-12.5-12.5-32.75-12.5-45.25 0s-12.5 32.75 0 45.25L370.8 256l-137.4 137.4c-12.5 12.5-12.5 32.75 0 45.25C239.6 444.9 247.8 448 256 448s16.38-3.125 22.62-9.375l160-160C451.1 266.1 451.1 245.9 438.6 233.4z\"><\/path><\/svg><\/span><div><strong>CONVOCATORIA<\/strong><\/div><\/a><\/li><li class=\"uagb-tab \" role=\"none\"><a href=\"#uagb-tabs__tab1\" class=\"uagb-tabs-list uagb-tabs__icon-position-left\" data-tab=\"1\" role=\"tab\"><span class=\"uagb-tabs__icon\"><svg xmlns=\"https:\/\/www.w3.org\/2000\/svg\" viewBox=\"0 0 448 512\"><path d=\"M246.6 233.4l-160-160c-12.5-12.5-32.75-12.5-45.25 0s-12.5 32.75 0 45.25L178.8 256l-137.4 137.4c-12.5 12.5-12.5 32.75 0 45.25C47.63 444.9 55.81 448 64 448s16.38-3.125 22.62-9.375l160-160C259.1 266.1 259.1 245.9 246.6 233.4zM438.6 233.4l-160-160c-12.5-12.5-32.75-12.5-45.25 0s-12.5 32.75 0 45.25L370.8 256l-137.4 137.4c-12.5 12.5-12.5 32.75 0 45.25C239.6 444.9 247.8 448 256 448s16.38-3.125 22.62-9.375l160-160C451.1 266.1 451.1 245.9 438.6 233.4z\"><\/path><\/svg><\/span><div><strong>REQUISITOS<\/strong><\/div><\/a><\/li><li class=\"uagb-tab \" role=\"none\"><a href=\"#uagb-tabs__tab2\" class=\"uagb-tabs-list uagb-tabs__icon-position-left\" data-tab=\"2\" role=\"tab\"><span class=\"uagb-tabs__icon\"><svg xmlns=\"https:\/\/www.w3.org\/2000\/svg\" viewBox=\"0 0 448 512\"><path d=\"M246.6 233.4l-160-160c-12.5-12.5-32.75-12.5-45.25 0s-12.5 32.75 0 45.25L178.8 256l-137.4 137.4c-12.5 12.5-12.5 32.75 0 45.25C47.63 444.9 55.81 448 64 448s16.38-3.125 22.62-9.375l160-160C259.1 266.1 259.1 245.9 246.6 233.4zM438.6 233.4l-160-160c-12.5-12.5-32.75-12.5-45.25 0s-12.5 32.75 0 45.25L370.8 256l-137.4 137.4c-12.5 12.5-12.5 32.75 0 45.25C239.6 444.9 247.8 448 256 448s16.38-3.125 22.62-9.375l160-160C451.1 266.1 451.1 245.9 438.6 233.4z\"><\/path><\/svg><\/span><div><strong><strong>SOLICITUD DE PRE- INSCRIPCI\u00d3N<\/strong><\/strong><\/div><\/a><\/li><li class=\"uagb-tab \" role=\"none\"><a href=\"#uagb-tabs__tab3\" class=\"uagb-tabs-list uagb-tabs__icon-position-left\" data-tab=\"3\" role=\"tab\"><span class=\"uagb-tabs__icon\"><svg xmlns=\"https:\/\/www.w3.org\/2000\/svg\" viewBox=\"0 0 448 512\"><path d=\"M246.6 233.4l-160-160c-12.5-12.5-32.75-12.5-45.25 0s-12.5 32.75 0 45.25L178.8 256l-137.4 137.4c-12.5 12.5-12.5 32.75 0 45.25C47.63 444.9 55.81 448 64 448s16.38-3.125 22.62-9.375l160-160C259.1 266.1 259.1 245.9 246.6 233.4zM438.6 233.4l-160-160c-12.5-12.5-32.75-12.5-45.25 0s-12.5 32.75 0 45.25L370.8 256l-137.4 137.4c-12.5 12.5-12.5 32.75 0 45.25C239.6 444.9 247.8 448 256 448s16.38-3.125 22.62-9.375l160-160C451.1 266.1 451.1 245.9 438.6 233.4z\"><\/path><\/svg><\/span><div><strong>PLAN CURRICULAR Y MODALIDAD<\/strong><\/div><\/a><\/li><li class=\"uagb-tab \" role=\"none\"><a href=\"#uagb-tabs__tab4\" class=\"uagb-tabs-list uagb-tabs__icon-position-left\" data-tab=\"4\" role=\"tab\"><span class=\"uagb-tabs__icon\"><svg xmlns=\"https:\/\/www.w3.org\/2000\/svg\" viewBox=\"0 0 448 512\"><path d=\"M246.6 233.4l-160-160c-12.5-12.5-32.75-12.5-45.25 0s-12.5 32.75 0 45.25L178.8 256l-137.4 137.4c-12.5 12.5-12.5 32.75 0 45.25C47.63 444.9 55.81 448 64 448s16.38-3.125 22.62-9.375l160-160C259.1 266.1 259.1 245.9 246.6 233.4zM438.6 233.4l-160-160c-12.5-12.5-32.75-12.5-45.25 0s-12.5 32.75 0 45.25L370.8 256l-137.4 137.4c-12.5 12.5-12.5 32.75 0 45.25C239.6 444.9 247.8 448 256 448s16.38-3.125 22.62-9.375l160-160C451.1 266.1 451.1 245.9 438.6 233.4z\"><\/path><\/svg><\/span><div><strong>ARANCELES<\/strong><\/div><\/a><\/li><li class=\"uagb-tab \" role=\"none\"><a href=\"#uagb-tabs__tab5\" class=\"uagb-tabs-list uagb-tabs__icon-position-left\" data-tab=\"5\" role=\"tab\"><span class=\"uagb-tabs__icon\"><svg xmlns=\"https:\/\/www.w3.org\/2000\/svg\" viewBox=\"0 0 448 512\"><path d=\"M246.6 233.4l-160-160c-12.5-12.5-32.75-12.5-45.25 0s-12.5 32.75 0 45.25L178.8 256l-137.4 137.4c-12.5 12.5-12.5 32.75 0 45.25C47.63 444.9 55.81 448 64 448s16.38-3.125 22.62-9.375l160-160C259.1 266.1 259.1 245.9 246.6 233.4zM438.6 233.4l-160-160c-12.5-12.5-32.75-12.5-45.25 0s-12.5 32.75 0 45.25L370.8 256l-137.4 137.4c-12.5 12.5-12.5 32.75 0 45.25C239.6 444.9 247.8 448 256 448s16.38-3.125 22.62-9.375l160-160C451.1 266.1 451.1 245.9 438.6 233.4z\"><\/path><\/svg><\/span><div><strong>CONTACTOS<\/strong><\/div><\/a><\/li><\/ul><div class=\"uagb-tabs__body-wrap\">\n<div class=\"wp-block-uagb-tabs-child uagb-tabs__body-container uagb-inner-tab-0\" aria-labelledby=\"uagb-tabs__tab0\">\n<figure class=\"wp-block-image size-large\"><img loading=\"lazy\" decoding=\"async\" width=\"730\" height=\"1024\" src=\"https:\/\/postgrado.eco.una.py\/wp-content\/uploads\/2026\/04\/postgrado_2026_-mayo_DGSpsd-730x1024.jpg\" alt=\"\" class=\"wp-image-4581\" srcset=\"https:\/\/postgrado.eco.una.py\/wp-content\/uploads\/2026\/04\/postgrado_2026_-mayo_DGSpsd-730x1024.jpg 730w, https:\/\/postgrado.eco.una.py\/wp-content\/uploads\/2026\/04\/postgrado_2026_-mayo_DGSpsd-214x300.jpg 214w, https:\/\/postgrado.eco.una.py\/wp-content\/uploads\/2026\/04\/postgrado_2026_-mayo_DGSpsd-768x1077.jpg 768w, https:\/\/postgrado.eco.una.py\/wp-content\/uploads\/2026\/04\/postgrado_2026_-mayo_DGSpsd-1095x1536.jpg 1095w, https:\/\/postgrado.eco.una.py\/wp-content\/uploads\/2026\/04\/postgrado_2026_-mayo_DGSpsd-1460x2048.jpg 1460w, https:\/\/postgrado.eco.una.py\/wp-content\/uploads\/2026\/04\/postgrado_2026_-mayo_DGSpsd-scaled.jpg 1825w\" sizes=\"auto, (max-width: 730px) 100vw, 730px\" \/><\/figure>\n<\/div>\n\n\n\n<div class=\"wp-block-uagb-tabs-child uagb-tabs__body-container uagb-inner-tab-1\" aria-labelledby=\"uagb-tabs__tab1\">\n<ul style=\"font-size:15px\" class=\"wp-block-list justificar has-black-color has-text-color has-link-color wp-elements-f0c236b525a37483770fd396095758de\">\n<li class=\"justificado\" style=\"font-size:15px\">Llenar la solicitud de inscripci\u00f3n.<\/li>\n\n\n\n<li>Fotocopia simple del documento de identidad v\u00e1lido en el Paraguay<\/li>\n\n\n\n<li>Fotocopia simple del pasaporte en caso de ser extranjero<\/li>\n\n\n\n<li>Fotocopia simple del t\u00edtulo de grado universitario<\/li>\n\n\n\n<li class=\"justificado\" style=\"font-size:15px\">Fotocopia simple del certificado de estudios de grado universitario.<\/li>\n<\/ul>\n<\/div>\n\n\n\n<div class=\"wp-block-uagb-tabs-child uagb-tabs__body-container uagb-inner-tab-2\" aria-labelledby=\"uagb-tabs__tab2\">\n<p class=\"justificado has-black-color has-text-color has-link-color wp-elements-28e71c65729d19b940efbcfbbfccd55e\" style=\"margin-top:0;margin-right:0;margin-bottom:0;margin-left:0;font-size:15px\">Si desea inscribirse al curso de Postgrado \u201cDiplomado en gesti\u00f3n de suministros y contrataciones p\u00fablicas\u201d, puede realizarlo haciendo click en el icono<\/p>\n\n\n\n<div class=\"wp-block-uagb-image aligncenter uagb-block-d2bb568d wp-block-uagb-image--layout-default wp-block-uagb-image--effect-static wp-block-uagb-image--align-center\"><figure class=\"wp-block-uagb-image__figure\"><a class=\"\" href=\"https:\/\/forms.gle\/iLwiE1xmV7TiwL9C8\" target=\"_blank\" rel=\"noreferrer noopener\"><img decoding=\"async\" srcset=\"https:\/\/postgrado.eco.una.py\/wp-content\/uploads\/2024\/09\/FormsIcon1.png ,https:\/\/postgrado.eco.una.py\/wp-content\/uploads\/2024\/09\/FormsIcon1.png 780w, https:\/\/postgrado.eco.una.py\/wp-content\/uploads\/2024\/09\/FormsIcon1.png 360w\" sizes=\"auto, (max-width: 480px) 150px\" src=\"https:\/\/postgrado.eco.una.py\/wp-content\/uploads\/2024\/09\/FormsIcon1.png\" alt=\"\" class=\"uag-image-2725\" width=\"67\" height=\"81\" title=\"Formulario de Pre inscripci\u00f3n - Programas de Postgrado - Periodo 2024\" loading=\"lazy\" role=\"img\"\/><\/a><\/figure><\/div>\n\n\n\n<p class=\"has-black-color has-text-color has-link-color wp-elements-41ac6d9fd396871e2fc129d0c68418a1\" style=\"margin-top:0;margin-right:0;margin-bottom:0;margin-left:0;font-size:15px\">\u00a1Le esperamos en los cursos y programas de Posgrado de la Facultad de Ciencias Econ\u00f3micas de la Universidad Nacional de Asunci\u00f3n!&nbsp;<\/p>\n<\/div>\n\n\n\n<div class=\"wp-block-uagb-tabs-child uagb-tabs__body-container uagb-inner-tab-3\" aria-labelledby=\"uagb-tabs__tab3\">\n<div class=\"wp-block-uagb-advanced-heading uagb-block-5f2c8ef5\"><h2 class=\"uagb-heading-text\"><strong>M\u00f3dulos<\/strong><\/h2><\/div>\n\n\n\n<figure class=\"wp-block-table\"><table class=\"has-fixed-layout\"><tbody><tr><td>M\u00f3dulo 1 \u2013 Introducci\u00f3n al Sistema de Suministro P\u00fablico &nbsp;<\/td><\/tr><tr><td>M\u00f3dulo 2 \u2013 Marco Jur\u00eddico que rige las Contrataciones P\u00fablicas &nbsp;<\/td><\/tr><tr><td>M\u00f3dulo 3 \u2013&nbsp;&nbsp; Modalidades de Compra &nbsp;<\/td><\/tr><tr><td>M\u00f3dulo 4 \u2013 Administraci\u00f3n y Gesti\u00f3n de Compra &nbsp;<\/td><\/tr><\/tbody><\/table><\/figure>\n\n\n\n<p class=\"has-black-color has-text-color has-link-color wp-elements-81a824676591d7aca50d408daa5a8f55\" style=\"font-size:15px\">El Diplomado en Gesti\u00f3n de Suministros y Contrataciones P\u00fablicas tiene una duraci\u00f3n de 90 horas reloj. Las clases son desarrolladas en modalidad virtual, dos d\u00edas a la semana de 18:00 a 22:00 horas.<\/p>\n\n\n\n<p class=\"has-black-color has-text-color has-link-color wp-elements-47e7d5e1543737df5f0291e39327bb74\" style=\"font-size:15px\">Las videoconferencias&nbsp;son desarrolladas a trav\u00e9s de Google Meet y las asincr\u00f3nicas (materiales de lectura, tareas, grabaciones) son visualizadas en la plataforma virtual de Postgrado.<\/p>\n<\/div>\n\n\n\n<div class=\"wp-block-uagb-tabs-child uagb-tabs__body-container uagb-inner-tab-4\" aria-labelledby=\"uagb-tabs__tab4\">\n<figure class=\"wp-block-table\"><table class=\"has-fixed-layout\"><tbody><tr><td rowspan=\"2\"><strong>Formas de Pago<\/strong><\/td><td><strong>Contado<\/strong><\/td><td><strong>Financiado<\/strong><\/td><td><strong>D\u00e9bito para docentes y funcionarios de la FCE-UNA<\/strong><\/td><td><strong>D\u00e9bito para egresados<\/strong><\/td><\/tr><tr><td>G 1.700.000<\/td><td><strong>Total:<\/strong> G 1.800.000<br>4 cuotas de G 450.000<\/td><td>No aplica<\/td><td>No aplica<\/td><\/tr><\/tbody><\/table><\/figure>\n<\/div>\n\n\n\n<div class=\"wp-block-uagb-tabs-child uagb-tabs__body-container uagb-inner-tab-5\" aria-labelledby=\"uagb-tabs__tab5\">\n<div class=\"wp-block-uagb-info-box uagb-block-3896e7f8 uagb-infobox__content-wrap  uagb-infobox-icon-above-title uagb-infobox-image-valign-top\"><div class=\"uagb-ifb-content\"><div class=\"uagb-ifb-title-wrap\"><h4 class=\"uagb-ifb-title\"><strong>Curso de Postgrado \u201cDiplomado en Gesti\u00f3n de Suministros y Contrataciones P\u00fablicas\u201d<\/strong><\/h4><\/div><\/div><\/div>\n\n\n\n<div class=\"wp-block-columns has-border-color has-ast-global-color-6-border-color is-layout-flex wp-container-core-columns-is-layout-1 wp-block-columns-is-layout-flex\">\n<div class=\"wp-block-column is-layout-flow wp-block-column-is-layout-flow\">\n<div class=\"wp-block-uagb-info-box uagb-block-c2a4e0bc uagb-infobox__content-wrap  uagb-infobox-icon-above-title uagb-infobox-image-valign-top\"><div class=\"uagb-ifb-content\"><div class=\"uagb-ifb-title-wrap\"><h3 class=\"uagb-ifb-title\"><strong><em>Direcci\u00f3n de Postgrado<\/em><\/strong><\/h3><\/div><p class=\"uagb-ifb-desc\">Tel\u00e9fono: (021) 729 2001 int. 830\/850<br>Email: <a href=\"mailto:postgrado@eco.una.py\">postgrado@eco.una.py<\/a><\/p><\/div><\/div>\n<\/div>\n\n\n\n<div class=\"wp-block-column is-layout-flow wp-block-column-is-layout-flow\">\n<div class=\"wp-block-uagb-info-box uagb-block-121b42d9 uagb-infobox__content-wrap  uagb-infobox-icon-above-title uagb-infobox-image-valign-top\"><div class=\"uagb-ifb-content\"><div class=\"uagb-ifb-title-wrap\"><h3 class=\"uagb-ifb-title\"><strong><em>Coordinaci\u00f3n del Programa<\/em><\/strong><\/h3><\/div><p class=\"uagb-ifb-desc\">Lic. Fernando Ucedo<br>email: <a href=\"mailto:pfleitas@eco.una.py\">fernandoucedo@eco.una.py<\/a><br><strong>&nbsp;<\/strong><br>Lic. Dahiana Zorrilla Morel<br>email: <a href=\"mailto:dzorrilla@eco.una.py\">dzorrilla@eco.una.py<\/a><\/p><\/div><\/div>\n<\/div>\n<\/div>\n\n\n\n<div class=\"wp-block-uagb-info-box uagb-block-f386b306 uagb-infobox__content-wrap  uagb-infobox-icon-above-title uagb-infobox-image-valign-top\"><div class=\"uagb-ifb-content\"><div class=\"uagb-ifb-title-wrap\"><h4 class=\"uagb-ifb-title\"><strong>Ruta Mcal Estigarribia km 11 &#8211; Campus de la UNA San Lorenzo<\/strong><\/h4><\/div><\/div><\/div>\n\n\n\n<div class=\"wp-block-uagb-forms uagb-forms__outer-wrap uagb-block-0f166107 uagb-forms__medium-btn\"><form class=\"uagb-forms-main-form\" method=\"post\" autocomplete=\"on\" name=\"uagb-form-0f166107\">\n<div class=\"wp-block-uagb-forms-hidden uagb-forms-hidden-wrap uagb-block-67ddb011\"><input type=\"hidden\" id=\"hidden\" class=\"uagb-forms-hidden-input\" value=\"Diplomado en Gesti\u00f3n de Suministros y Contrataciones P\u00fablicas\" name=\"Postgrado FCE\"\/><\/div>\n\n\n\n<div class=\"wp-block-uagb-forms-name uagb-forms-name-wrap uagb-forms-field-set uagb-block-36440fa7\"><div class=\"uagb-forms-name-label required uagb-forms-input-label\" id=\"36440fa7\">Nombre<\/div><input type=\"text\" placeholder=\"\" required class=\"uagb-forms-name-input uagb-forms-input\" name=\"36440fa7\" autocomplete=\"given-name\"\/><\/div>\n\n\n\n<div class=\"wp-block-uagb-forms-name uagb-forms-name-wrap uagb-forms-field-set uagb-block-67a616f5\"><div class=\"uagb-forms-name-label required uagb-forms-input-label\" id=\"67a616f5\">Apellido<\/div><input type=\"text\" placeholder=\"\" required class=\"uagb-forms-name-input uagb-forms-input\" name=\"67a616f5\" autocomplete=\"family-name\"\/><\/div>\n\n\n\n<div class=\"wp-block-uagb-forms-email uagb-forms-email-wrap uagb-forms-field-set uagb-block-e1964931\"><div class=\"uagb-forms-email-label  uagb-forms-input-label\" id=\"e1964931\">Email<\/div><input type=\"email\" class=\"uagb-forms-email-input uagb-forms-input\" placeholder=\"example@mail.com\" name=\"e1964931\" autocomplete=\"email\"\/><\/div>\n\n\n\n<div class=\"wp-block-uagb-forms-textarea uagb-forms-textarea-wrap uagb-forms-field-set uagb-block-84874cc0\"><div class=\"uagb-forms-textarea-label required uagb-forms-input-label\" id=\"84874cc0\">Mensaje<\/div><textarea required class=\"uagb-forms-textarea-input uagb-forms-input\" rows=\"5\" placeholder=\"Escriba su mensaje\" name=\"84874cc0\" autocomplete=\"off\"><\/textarea><\/div>\n<div class=\"uagb-forms-form-hidden-data\"><input type=\"hidden\" class=\"uagb_forms_form_label\" value=\"Spectra Form\"\/><input type=\"hidden\" class=\"uagb_forms_form_id\" value=\"uagb-form-0f166107\"\/><\/div><div class=\"uagb-form-reacaptcha-error-0f166107\"><\/div><div class=\"uagb-forms-main-submit-button-wrap wp-block-button\"><button class=\"uagb-forms-main-submit-button wp-block-button__link\"><div class=\"uagb-forms-main-submit-button-text\">ENVIAR<\/div><\/button><\/div><\/form><div class=\"uagb-forms-success-message-0f166107 uagb-forms-submit-message-hide\"><span>The form has been submitted successfully!<\/span><\/div><div class=\"uagb-forms-failed-message-0f166107 uagb-forms-submit-message-hide\"><span>There has been some error while submitting the form. Please verify all form fields again.<\/span><\/div><\/div>\n<\/div>\n<\/div><\/div>\n\n\n\n<p><\/p>\n","protected":false},"excerpt":{"rendered":"<p>DIPLOMADO EN GESTI\u00d3N DE SUMINISTROS Y CONTRATACIONES P\u00daBLICAS<\/p>\n","protected":false},"author":2,"featured_media":0,"parent":2026,"menu_order":0,"comment_status":"closed","ping_status":"closed","template":"","meta":{"_uag_custom_page_level_css":"","site-sidebar-layout":"default","site-content-layout":"","ast-site-content-layout":"default","site-content-style":"default","site-sidebar-style":"default","ast-global-header-display":"","ast-banner-title-visibility":"","ast-main-header-display":"","ast-hfb-above-header-display":"","ast-hfb-below-header-display":"","ast-hfb-mobile-header-display":"","site-post-title":"disabled","ast-breadcrumbs-content":"","ast-featured-img":"","footer-sml-layout":"","theme-transparent-header-meta":"","adv-header-id-meta":"","stick-header-meta":"","header-above-stick-meta":"","header-main-stick-meta":"","header-below-stick-meta":"","astra-migrate-meta-layouts":"set","ast-page-background-enabled":"default","ast-page-background-meta":{"desktop":{"background-color":"","background-image":"","background-repeat":"repeat","background-position":"center center","background-size":"auto","background-attachment":"scroll","background-type":"","background-media":"","overlay-type":"","overlay-color":"","overlay-opacity":"","overlay-gradient":""},"tablet":{"background-color":"","background-image":"","background-repeat":"repeat","background-position":"center center","background-size":"auto","background-attachment":"scroll","background-type":"","background-media":"","overlay-type":"","overlay-color":"","overlay-opacity":"","overlay-gradient":""},"mobile":{"background-color":"","background-image":"","background-repeat":"repeat","background-position":"center center","background-size":"auto","background-attachment":"scroll","background-type":"","background-media":"","overlay-type":"","overlay-color":"","overlay-opacity":"","overlay-gradient":""}},"ast-content-background-meta":{"desktop":{"background-color":"var(--ast-global-color-5)","background-image":"","background-repeat":"repeat","background-position":"center center","background-size":"auto","background-attachment":"scroll","background-type":"","background-media":"","overlay-type":"","overlay-color":"","overlay-opacity":"","overlay-gradient":""},"tablet":{"background-color":"var(--ast-global-color-5)","background-image":"","background-repeat":"repeat","background-position":"center center","background-size":"auto","background-attachment":"scroll","background-type":"","background-media":"","overlay-type":"","overlay-color":"","overlay-opacity":"","overlay-gradient":""},"mobile":{"background-color":"var(--ast-global-color-5)","background-image":"","background-repeat":"repeat","background-position":"center center","background-size":"auto","background-attachment":"scroll","background-type":"","background-media":"","overlay-type":"","overlay-color":"","overlay-opacity":"","overlay-gradient":""}},"footnotes":""},"class_list":["post-3579","page","type-page","status-publish","hentry"],"uagb_featured_image_src":{"full":false,"thumbnail":false,"medium":false,"medium_large":false,"large":false,"1536x1536":false,"2048x2048":false},"uagb_author_info":{"display_name":"Rodrigo Acosta","author_link":"https:\/\/postgrado.eco.una.py\/?author=2"},"uagb_comment_info":0,"uagb_excerpt":"DIPLOMADO EN GESTI\u00d3N DE SUMINISTROS Y CONTRATACIONES P\u00daBLICAS","_links":{"self":[{"href":"https:\/\/postgrado.eco.una.py\/index.php?rest_route=\/wp\/v2\/pages\/3579","targetHints":{"allow":["GET"]}}],"collection":[{"href":"https:\/\/postgrado.eco.una.py\/index.php?rest_route=\/wp\/v2\/pages"}],"about":[{"href":"https:\/\/postgrado.eco.una.py\/index.php?rest_route=\/wp\/v2\/types\/page"}],"author":[{"embeddable":true,"href":"https:\/\/postgrado.eco.una.py\/index.php?rest_route=\/wp\/v2\/users\/2"}],"replies":[{"embeddable":true,"href":"https:\/\/postgrado.eco.una.py\/index.php?rest_route=%2Fwp%2Fv2%2Fcomments&post=3579"}],"version-history":[{"count":24,"href":"https:\/\/postgrado.eco.una.py\/index.php?rest_route=\/wp\/v2\/pages\/3579\/revisions"}],"predecessor-version":[{"id":4582,"href":"https:\/\/postgrado.eco.una.py\/index.php?rest_route=\/wp\/v2\/pages\/3579\/revisions\/4582"}],"up":[{"embeddable":true,"href":"https:\/\/postgrado.eco.una.py\/index.php?rest_route=\/wp\/v2\/pages\/2026"}],"wp:attachment":[{"href":"https:\/\/postgrado.eco.una.py\/index.php?rest_route=%2Fwp%2Fv2%2Fmedia&parent=3579"}],"curies":[{"name":"wp","href":"https:\/\/api.w.org\/{rel}","templated":true}]}}