{"id":2885,"date":"2024-10-09T00:51:22","date_gmt":"2024-10-09T03:51:22","guid":{"rendered":"https:\/\/postgrado.eco.una.py\/?page_id=2885"},"modified":"2026-05-07T17:10:58","modified_gmt":"2026-05-07T20:10:58","slug":"maestria-en-educacion-superior","status":"publish","type":"page","link":"https:\/\/postgrado.eco.una.py\/?page_id=2885","title":{"rendered":"MAESTR\u00cdA EN EDUCACI\u00d3N SUPERIOR"},"content":{"rendered":"\n<div class=\"wp-block-uagb-advanced-heading uagb-block-26bec0b8\"><h2 class=\"uagb-heading-text\"><strong>MAESTR\u00cdA EN EDUCACI\u00d3N SUPERIOR <\/strong><\/h2><div class=\"uagb-separator\"><\/div><\/div>\n\n\n\n<div class=\"wp-block-uagb-tabs uagb-block-eda320f9 uagb-tabs__wrap uagb-tabs__vstyle6-desktop uagb-tabs__vstyle6-tablet uagb-tabs__stack1-mobile\" data-tab-active=\"0\"><ul class=\"uagb-tabs__panel uagb-tabs__align-left\" role=\"tablist\"><li class=\"uagb-tab uagb-tabs__active\" role=\"none\"><a href=\"#uagb-tabs__tab0\" class=\"uagb-tabs-list uagb-tabs__icon-position-left\" data-tab=\"0\" role=\"tab\"><span class=\"uagb-tabs__icon\"><svg xmlns=\"https:\/\/www.w3.org\/2000\/svg\" viewBox=\"0 0 448 512\"><path d=\"M246.6 233.4l-160-160c-12.5-12.5-32.75-12.5-45.25 0s-12.5 32.75 0 45.25L178.8 256l-137.4 137.4c-12.5 12.5-12.5 32.75 0 45.25C47.63 444.9 55.81 448 64 448s16.38-3.125 22.62-9.375l160-160C259.1 266.1 259.1 245.9 246.6 233.4zM438.6 233.4l-160-160c-12.5-12.5-32.75-12.5-45.25 0s-12.5 32.75 0 45.25L370.8 256l-137.4 137.4c-12.5 12.5-12.5 32.75 0 45.25C239.6 444.9 247.8 448 256 448s16.38-3.125 22.62-9.375l160-160C451.1 266.1 451.1 245.9 438.6 233.4z\"><\/path><\/svg><\/span><div><strong>CONVOCATORIA<\/strong><\/div><\/a><\/li><li class=\"uagb-tab \" role=\"none\"><a href=\"#uagb-tabs__tab1\" class=\"uagb-tabs-list uagb-tabs__icon-position-left\" data-tab=\"1\" role=\"tab\"><span class=\"uagb-tabs__icon\"><svg xmlns=\"https:\/\/www.w3.org\/2000\/svg\" viewBox=\"0 0 448 512\"><path d=\"M246.6 233.4l-160-160c-12.5-12.5-32.75-12.5-45.25 0s-12.5 32.75 0 45.25L178.8 256l-137.4 137.4c-12.5 12.5-12.5 32.75 0 45.25C47.63 444.9 55.81 448 64 448s16.38-3.125 22.62-9.375l160-160C259.1 266.1 259.1 245.9 246.6 233.4zM438.6 233.4l-160-160c-12.5-12.5-32.75-12.5-45.25 0s-12.5 32.75 0 45.25L370.8 256l-137.4 137.4c-12.5 12.5-12.5 32.75 0 45.25C239.6 444.9 247.8 448 256 448s16.38-3.125 22.62-9.375l160-160C451.1 266.1 451.1 245.9 438.6 233.4z\"><\/path><\/svg><\/span><div><strong>REQUISITOS<\/strong><\/div><\/a><\/li><li class=\"uagb-tab \" role=\"none\"><a href=\"#uagb-tabs__tab2\" class=\"uagb-tabs-list uagb-tabs__icon-position-left\" data-tab=\"2\" role=\"tab\"><span class=\"uagb-tabs__icon\"><svg xmlns=\"https:\/\/www.w3.org\/2000\/svg\" viewBox=\"0 0 448 512\"><path d=\"M246.6 233.4l-160-160c-12.5-12.5-32.75-12.5-45.25 0s-12.5 32.75 0 45.25L178.8 256l-137.4 137.4c-12.5 12.5-12.5 32.75 0 45.25C47.63 444.9 55.81 448 64 448s16.38-3.125 22.62-9.375l160-160C259.1 266.1 259.1 245.9 246.6 233.4zM438.6 233.4l-160-160c-12.5-12.5-32.75-12.5-45.25 0s-12.5 32.75 0 45.25L370.8 256l-137.4 137.4c-12.5 12.5-12.5 32.75 0 45.25C239.6 444.9 247.8 448 256 448s16.38-3.125 22.62-9.375l160-160C451.1 266.1 451.1 245.9 438.6 233.4z\"><\/path><\/svg><\/span><div><strong>SOLICITUD DE PRE-INSCRIPCI\u00d3N<\/strong><\/div><\/a><\/li><li class=\"uagb-tab \" role=\"none\"><a href=\"#uagb-tabs__tab3\" class=\"uagb-tabs-list uagb-tabs__icon-position-left\" data-tab=\"3\" role=\"tab\"><span class=\"uagb-tabs__icon\"><svg xmlns=\"https:\/\/www.w3.org\/2000\/svg\" viewBox=\"0 0 448 512\"><path d=\"M246.6 233.4l-160-160c-12.5-12.5-32.75-12.5-45.25 0s-12.5 32.75 0 45.25L178.8 256l-137.4 137.4c-12.5 12.5-12.5 32.75 0 45.25C47.63 444.9 55.81 448 64 448s16.38-3.125 22.62-9.375l160-160C259.1 266.1 259.1 245.9 246.6 233.4zM438.6 233.4l-160-160c-12.5-12.5-32.75-12.5-45.25 0s-12.5 32.75 0 45.25L370.8 256l-137.4 137.4c-12.5 12.5-12.5 32.75 0 45.25C239.6 444.9 247.8 448 256 448s16.38-3.125 22.62-9.375l160-160C451.1 266.1 451.1 245.9 438.6 233.4z\"><\/path><\/svg><\/span><div><strong>PLAN CURRICULAR Y MODALIDAD<\/strong><\/div><\/a><\/li><li class=\"uagb-tab \" role=\"none\"><a href=\"#uagb-tabs__tab4\" class=\"uagb-tabs-list uagb-tabs__icon-position-left\" data-tab=\"4\" role=\"tab\"><span class=\"uagb-tabs__icon\"><svg xmlns=\"https:\/\/www.w3.org\/2000\/svg\" viewBox=\"0 0 448 512\"><path d=\"M246.6 233.4l-160-160c-12.5-12.5-32.75-12.5-45.25 0s-12.5 32.75 0 45.25L178.8 256l-137.4 137.4c-12.5 12.5-12.5 32.75 0 45.25C47.63 444.9 55.81 448 64 448s16.38-3.125 22.62-9.375l160-160C259.1 266.1 259.1 245.9 246.6 233.4zM438.6 233.4l-160-160c-12.5-12.5-32.75-12.5-45.25 0s-12.5 32.75 0 45.25L370.8 256l-137.4 137.4c-12.5 12.5-12.5 32.75 0 45.25C239.6 444.9 247.8 448 256 448s16.38-3.125 22.62-9.375l160-160C451.1 266.1 451.1 245.9 438.6 233.4z\"><\/path><\/svg><\/span><div><strong>ARANCELES<\/strong><\/div><\/a><\/li><li class=\"uagb-tab \" role=\"none\"><a href=\"#uagb-tabs__tab5\" class=\"uagb-tabs-list uagb-tabs__icon-position-left\" data-tab=\"5\" role=\"tab\"><span class=\"uagb-tabs__icon\"><svg xmlns=\"https:\/\/www.w3.org\/2000\/svg\" viewBox=\"0 0 448 512\"><path d=\"M246.6 233.4l-160-160c-12.5-12.5-32.75-12.5-45.25 0s-12.5 32.75 0 45.25L178.8 256l-137.4 137.4c-12.5 12.5-12.5 32.75 0 45.25C47.63 444.9 55.81 448 64 448s16.38-3.125 22.62-9.375l160-160C259.1 266.1 259.1 245.9 246.6 233.4zM438.6 233.4l-160-160c-12.5-12.5-32.75-12.5-45.25 0s-12.5 32.75 0 45.25L370.8 256l-137.4 137.4c-12.5 12.5-12.5 32.75 0 45.25C239.6 444.9 247.8 448 256 448s16.38-3.125 22.62-9.375l160-160C451.1 266.1 451.1 245.9 438.6 233.4z\"><\/path><\/svg><\/span><div><strong>CONTACTOS<\/strong><\/div><\/a><\/li><\/ul><div class=\"uagb-tabs__body-wrap\">\n<div class=\"wp-block-uagb-tabs-child uagb-tabs__body-container uagb-inner-tab-0\" aria-labelledby=\"uagb-tabs__tab0\">\n<div class=\"wp-block-uagb-image uagb-block-e5def116 wp-block-uagb-image--layout-default wp-block-uagb-image--effect-static wp-block-uagb-image--align-none\"><figure class=\"wp-block-uagb-image__figure\"><img decoding=\"async\" srcset=\"https:\/\/postgrado.eco.una.py\/wp-content\/uploads\/2026\/04\/postgrado_2026_-mayo_MES2-730x1024.jpg ,https:\/\/postgrado.eco.una.py\/wp-content\/uploads\/2026\/04\/postgrado_2026_-mayo_MES2-scaled.jpg 780w, https:\/\/postgrado.eco.una.py\/wp-content\/uploads\/2026\/04\/postgrado_2026_-mayo_MES2-scaled.jpg 360w\" sizes=\"auto, (max-width: 480px) 150px\" src=\"https:\/\/postgrado.eco.una.py\/wp-content\/uploads\/2026\/04\/postgrado_2026_-mayo_MES2-730x1024.jpg\" alt=\"\" class=\"uag-image-4576\" width=\"715\" height=\"1013\" title=\"postgrado_2026_ mayo_MES2\" loading=\"lazy\" role=\"img\"\/><\/figure><\/div>\n<\/div>\n\n\n\n<div class=\"wp-block-uagb-tabs-child uagb-tabs__body-container uagb-inner-tab-1\" aria-labelledby=\"uagb-tabs__tab1\" id=\"justificar\">\n<ul style=\"font-size:15px\" id=\"justificado\" class=\"wp-block-list has-black-color has-text-color has-link-color wp-elements-7f69611b741476b244dc941ac41bb70c\">\n<li style=\"font-size:15px\">Llenar la solicitud de inscripci\u00f3n.<\/li>\n\n\n\n<li>Presentar Curr\u00edculo Vitae actualizado con foto carnet. <a href=\"https:\/\/postgrado.eco.una.py\/wp-content\/uploads\/2024\/10\/MODELO-CV.docx\">descargar Modelo de CV<\/a><\/li>\n\n\n\n<li class=\"justificado\">Presentar copia del T\u00edtulo de Grado de una carrera habilitada por el CONES con una duraci\u00f3n de 2700 horas reloj presenciales o 4 a\u00f1os de duraci\u00f3n como m\u00ednimo o su equivalente de acuerdo al Sistema Nacional de Cr\u00e9ditos Acad\u00e9micos, debidamente autenticada por el Rectorado de la UNA.<\/li>\n\n\n\n<li>Presentar copia del Certificado de Estudios de Grado de una carrera habilitada por el CONES con una duraci\u00f3n m\u00ednima de 2700 horas reloj presenciales o 4 a\u00f1os de duraci\u00f3n como m\u00ednimo o su equivalente de acuerdo al Sistema Nacional de Cr\u00e9ditos Acad\u00e9micos, debidamente autenticada por el Rectorado de la UNA.<\/li>\n\n\n\n<li>Presentar copia del Documento de Identidad Civil v\u00e1lido en el Paraguay, vigente y autenticado por Escriban\u00eda P\u00fablica.<\/li>\n\n\n\n<li>Presentar documentaci\u00f3n de haber obtenido alguna beca, financiaci\u00f3n especial o compromiso personal o institucional, asumiendo la responsabilidad del pago de aranceles correspondientes.<\/li>\n<\/ul>\n<\/div>\n\n\n\n<div class=\"wp-block-uagb-tabs-child uagb-tabs__body-container uagb-inner-tab-2\" aria-labelledby=\"uagb-tabs__tab2\">\n<p class=\"has-black-color has-text-color has-link-color wp-elements-cfa288146e19202fef3c01281f8c2d9c\" style=\"margin-top:0;margin-right:0;margin-bottom:0;margin-left:0;font-size:15px\">Si desea inscribirse al programa de Postgrado \u201cMaestr\u00eda en Educaci\u00f3n Superior\u201d, puede realizarlo haciendo click en el icono<\/p>\n\n\n\n<div class=\"wp-block-uagb-image aligncenter uagb-block-b0af629e wp-block-uagb-image--layout-default wp-block-uagb-image--effect-static wp-block-uagb-image--align-center\"><figure class=\"wp-block-uagb-image__figure\"><a class=\"\" href=\"https:\/\/forms.gle\/jZucxGS8CGJBksT3A\" target=\"_blank\" rel=\"noreferrer noopener\"><img decoding=\"async\" srcset=\"https:\/\/postgrado.eco.una.py\/wp-content\/uploads\/2024\/09\/FormsIcon1.png ,https:\/\/postgrado.eco.una.py\/wp-content\/uploads\/2024\/09\/FormsIcon1.png 780w, https:\/\/postgrado.eco.una.py\/wp-content\/uploads\/2024\/09\/FormsIcon1.png 360w\" sizes=\"auto, (max-width: 480px) 150px\" src=\"https:\/\/postgrado.eco.una.py\/wp-content\/uploads\/2024\/09\/FormsIcon1.png\" alt=\"\" class=\"uag-image-2725\" width=\"67\" height=\"81\" title=\"Formulario de Pre inscripci\u00f3n - Programas de Postgrado - Periodo 2024\" loading=\"lazy\" role=\"img\"\/><\/a><\/figure><\/div>\n\n\n\n<p class=\"has-text-align-center has-black-color has-text-color has-link-color wp-elements-12aa2a1c89b813f4480fb9ba4a79e0c7\" style=\"margin-top:0;margin-right:0;margin-bottom:0;margin-left:0;font-size:15px\">\u00a1Le esperamos en los cursos y programas de Posgrado de la Facultad de Ciencias Econ\u00f3micas de la Universidad Nacional de Asunci\u00f3n!&nbsp;<\/p>\n<\/div>\n\n\n\n<div class=\"wp-block-uagb-tabs-child uagb-tabs__body-container uagb-inner-tab-3\" aria-labelledby=\"uagb-tabs__tab3\">\n<figure style=\"font-size:15px\" class=\"wp-block-table\"><table class=\"has-fixed-layout\"><tbody><tr><td class=\"has-text-align-left\" data-align=\"left\"><strong>M\u00f3dulos<\/strong><\/td><\/tr><tr><td class=\"has-text-align-left\" data-align=\"left\">M\u00f3dulo 1 Estrategias de ense\u00f1anza aprendizaje en la educaci\u00f3n superior.&nbsp; La creatividad como estrategia fundamental &nbsp;<\/td><\/tr><tr><td class=\"has-text-align-left\" data-align=\"left\">M\u00f3dulo 2 Nuevos enfoques metodol\u00f3gicos en el ejercicio de la docencia. El COMO de la forma y el QUIEN lo facilita &nbsp;<\/td><\/tr><tr><td class=\"has-text-align-left\" data-align=\"left\">M\u00f3dulo 3 Filosof\u00eda e historia de la educaci\u00f3n. Tendencias y enfoques de la educaci\u00f3n en el siglo XXI &nbsp;<\/td><\/tr><tr><td class=\"has-text-align-left\" data-align=\"left\">M\u00f3dulo 4 La educaci\u00f3n superior y los desaf\u00edos en los tiempos postmodernos. Perspectivas contempor\u00e1neas did\u00e1ctica, la pedagog\u00eda.<\/td><\/tr><tr><td class=\"has-text-align-left\" data-align=\"left\">M\u00f3dulo 5 La investigaci\u00f3n. Componentes \u00e9ticos de la investigaci\u00f3n. &nbsp;<\/td><\/tr><tr><td class=\"has-text-align-left\" data-align=\"left\">M\u00f3dulo 6 An\u00e1lisis y aplicaci\u00f3n de la investigaci\u00f3n educativa: metodolog\u00eda de la investigaci\u00f3n cient\u00edfica &nbsp;<\/td><\/tr><tr><td class=\"has-text-align-left\" data-align=\"left\">M\u00f3dulo 7 M\u00e9todos estad\u00edsticos para la investigaci\u00f3n educativa &nbsp;<\/td><\/tr><tr><td class=\"has-text-align-left\" data-align=\"left\">M\u00f3dulo 8 redacci\u00f3n t\u00e9cnica y cient\u00edfica. &nbsp;<\/td><\/tr><tr><td class=\"has-text-align-left\" data-align=\"left\">M\u00f3dulo 9 Gesti\u00f3n del conocimiento y la epistemolog\u00eda en la Educaci\u00f3n Superior &nbsp;<\/td><\/tr><tr><td class=\"has-text-align-left\" data-align=\"left\">M\u00f3dulo 10 Administraci\u00f3n acad\u00e9mica de las instituciones de educaci\u00f3n superior. Gesti\u00f3n Administrativa y Financiera de la Educaci\u00f3n Superior. &nbsp;<\/td><\/tr><tr><td class=\"has-text-align-left\" data-align=\"left\">M\u00f3dulo 11 Dise\u00f1o, gesti\u00f3n y evaluaci\u00f3n de programas y proyectos educativos. &nbsp;<\/td><\/tr><tr><td class=\"has-text-align-left\" data-align=\"left\">M\u00f3dulo 12 Curriculum en la educaci\u00f3n superior<\/td><\/tr><tr><td class=\"has-text-align-left\" data-align=\"left\">M\u00f3dulo 13 Gesti\u00f3n de la calidad. La calidad educativa<\/td><\/tr><\/tbody><\/table><\/figure>\n\n\n\n<p class=\"has-black-color has-text-color has-link-color wp-elements-9de55ac76750632d6c9bd0cbd5d7a68c\" style=\"font-size:15px\">El curso de Postgrado \u201cMaestr\u00eda en Educaci\u00f3n Superior \u201d tiene una duraci\u00f3n de 720 horas reloj.<\/p>\n\n\n\n<p class=\"has-black-color has-text-color has-link-color wp-elements-d186ca3ea612a8cb02b7aed6954442fa\" style=\"font-size:15px\">Horario de clases: 18:00 a 22:00 horas.<\/p>\n\n\n\n<p class=\"has-black-color has-text-color has-link-color wp-elements-311c319993c10b3d3433a4e4d905fb47\" style=\"font-size:15px\">Titulo a otorgar: Mag\u00edster en Educaci\u00f3n Superior.<\/p>\n\n\n\n<p><\/p>\n<\/div>\n\n\n\n<div class=\"wp-block-uagb-tabs-child uagb-tabs__body-container uagb-inner-tab-4\" aria-labelledby=\"uagb-tabs__tab4\">\n<p class=\"has-ast-global-color-2-color has-text-color has-link-color wp-elements-d4682997003bf199895501a7a463d675\"><strong>Maestr\u00eda en Educaci\u00f3n Superior (Completo)<\/strong><\/p>\n\n\n\n<figure class=\"wp-block-table\"><table class=\"has-fixed-layout\"><tbody><tr><td rowspan=\"2\"><strong>Formas de Pago<\/strong><\/td><td><strong>Contado<\/strong><\/td><td><strong>Financiado<\/strong><\/td><td><strong>Descuento del 50% para docentes y funcionarios de la FCE-UNA<\/strong><\/td><td><strong>Descuento del 15% para egresados de la FCE UNA<\/strong><\/td><\/tr><tr><td>G 20.000.000<\/td><td><strong>Total:<\/strong> G 22.400.000<br>28 cuotas de G 800.000<\/td><td><strong>Total:<\/strong> G 11.200.000<br>28 cuotas de G 400.000<\/td><td><strong>Total:<\/strong> G 19.040.000<br>28 cuotas de G 680.000<\/td><\/tr><\/tbody><\/table><\/figure>\n\n\n\n<p class=\"has-ast-global-color-2-color has-text-color has-link-color wp-elements-35e7c7160fbd4a8a0a434c1d14bc5def\"><strong>Maestr\u00eda en Educaci\u00f3n Superior (Continuaci\u00f3n de Especializaci\u00f3n a Maestr\u00eda)<\/strong><\/p>\n\n\n\n<figure class=\"wp-block-table\"><table class=\"has-fixed-layout\"><tbody><tr><td rowspan=\"2\"><strong>Formas de Pago<\/strong><\/td><td><strong>Contado<\/strong><\/td><td><strong>Financiado<\/strong><\/td><td><strong>Descuento del 50% para docentes y funcionarios de la FCE-UNA<\/strong><\/td><td><strong>Descuento del 15% para egresados de la FCE UNA<\/strong><\/td><\/tr><tr><td>G 10.000.000<\/td><td><strong>Total:<\/strong> G 12.000.000<br>15 cuotas de G 800.000<\/td><td><strong>Total:<\/strong> G 6.000.000<br>15 cuotas de G 400.000<\/td><td><strong>Total:<\/strong> G 1.200.000<br>15 cuotas de G 680.000<\/td><\/tr><\/tbody><\/table><\/figure>\n<\/div>\n\n\n\n<div class=\"wp-block-uagb-tabs-child uagb-tabs__body-container uagb-inner-tab-5\" aria-labelledby=\"uagb-tabs__tab5\">\n<div class=\"wp-block-uagb-info-box uagb-block-f559c4e6 uagb-infobox__content-wrap  uagb-infobox-icon-above-title uagb-infobox-image-valign-top\"><div class=\"uagb-ifb-content\"><div class=\"uagb-ifb-title-wrap\"><h4 class=\"uagb-ifb-title\"><strong>Programa de Postgrado \u00abMAESTR\u00cdA EN EDUCACI\u00d3N SUPERIOR\u00bb <\/strong><\/h4><\/div><p class=\"uagb-ifb-desc\"> <\/p><\/div><\/div>\n\n\n\n<div class=\"wp-block-columns has-border-color has-ast-global-color-6-border-color is-layout-flex wp-container-core-columns-is-layout-1 wp-block-columns-is-layout-flex\">\n<div class=\"wp-block-column is-layout-flow wp-block-column-is-layout-flow\">\n<div class=\"wp-block-uagb-info-box uagb-block-c2a4e0bc uagb-infobox__content-wrap  uagb-infobox-icon-above-title uagb-infobox-image-valign-top\"><div class=\"uagb-ifb-content\"><div class=\"uagb-ifb-title-wrap\"><h3 class=\"uagb-ifb-title\"><strong><em>Direcci\u00f3n de Postgrado<\/em><\/strong><\/h3><\/div><p class=\"uagb-ifb-desc\">Tel\u00e9fono: (021) 729 2001 int. 830\/850<br>Email: <a href=\"mailto:postgrado@eco.una.py\">postgrado@eco.una.py<\/a><\/p><\/div><\/div>\n<\/div>\n\n\n\n<div class=\"wp-block-column is-layout-flow wp-block-column-is-layout-flow\">\n<div class=\"wp-block-uagb-info-box uagb-block-121b42d9 uagb-infobox__content-wrap  uagb-infobox-icon-above-title uagb-infobox-image-valign-top\"><div class=\"uagb-ifb-content\"><div class=\"uagb-ifb-title-wrap\"><h3 class=\"uagb-ifb-title\"><strong><em>Coordinaci\u00f3n del Programa<\/em><\/strong><\/h3><\/div><p class=\"uagb-ifb-desc\">Prof. Dra. Ana de Jes\u00fas Ben\u00edtez<br>email: <a href=\"mailto:abenitezg@eco.una.py\">abenitezg@eco.una.py<\/a><\/p><\/div><\/div>\n<\/div>\n<\/div>\n\n\n\n<p class=\"has-text-align-center has-ast-global-color-2-color has-text-color has-link-color wp-elements-978457079d8c277917e793eabbee896d\">Ruta Mcal. Estigarribia km 11 &#8211;  Campus de la UNA San Lorenzo<\/p>\n\n\n\n<div class=\"wp-block-uagb-forms uagb-forms__outer-wrap uagb-block-076cede6 uagb-forms__medium-btn\"><form class=\"uagb-forms-main-form\" method=\"post\" autocomplete=\"on\" name=\"uagb-form-076cede6\">\n<div class=\"wp-block-uagb-forms-hidden uagb-forms-hidden-wrap uagb-block-befa6860\"><input type=\"hidden\" id=\"hidden\" class=\"uagb-forms-hidden-input\" value=\"Maestr\u00eda en Educaci\u00f3n Superior\" name=\" Postgrado FCE\"\/><\/div>\n\n\n\n<div class=\"wp-block-uagb-forms-name uagb-forms-name-wrap uagb-forms-field-set uagb-block-d3b8d148\"><div class=\"uagb-forms-name-label required uagb-forms-input-label\" id=\"d3b8d148\">Nombre<\/div><input type=\"text\" placeholder=\"\" required class=\"uagb-forms-name-input uagb-forms-input\" name=\"d3b8d148\" autocomplete=\"given-name\"\/><\/div>\n\n\n\n<div class=\"wp-block-uagb-forms-name uagb-forms-name-wrap uagb-forms-field-set uagb-block-d84c30d4\"><div class=\"uagb-forms-name-label required uagb-forms-input-label\" id=\"d84c30d4\">Apellido<\/div><input type=\"text\" placeholder=\"\" required class=\"uagb-forms-name-input uagb-forms-input\" name=\"d84c30d4\" autocomplete=\"family-name\"\/><\/div>\n\n\n\n<div class=\"wp-block-uagb-forms-email uagb-forms-email-wrap uagb-forms-field-set uagb-block-a67723c6\"><div class=\"uagb-forms-email-label  uagb-forms-input-label\" id=\"a67723c6\">Email<\/div><input type=\"email\" class=\"uagb-forms-email-input uagb-forms-input\" placeholder=\"example@mail.com\" name=\"a67723c6\" autocomplete=\"email\"\/><\/div>\n\n\n\n<div class=\"wp-block-uagb-forms-textarea uagb-forms-textarea-wrap uagb-forms-field-set uagb-block-98d0a0ad\"><div class=\"uagb-forms-textarea-label required uagb-forms-input-label\" id=\"98d0a0ad\">Mensaje<\/div><textarea required class=\"uagb-forms-textarea-input uagb-forms-input\" rows=\"5\" placeholder=\"Escriba su mensaje\" name=\"98d0a0ad\" autocomplete=\"off\"><\/textarea><\/div>\n<div class=\"uagb-forms-form-hidden-data\"><input type=\"hidden\" id=\"g-recaptcha-response\" class=\"uagb-forms-recaptcha\"\/><input type=\"hidden\" class=\"uagb_forms_form_label\" value=\"Spectra Form\"\/><input type=\"hidden\" class=\"uagb_forms_form_id\" value=\"uagb-form-076cede6\"\/><\/div><div class=\"uagb-form-reacaptcha-error-076cede6\"><\/div><div class=\"uagb-forms-main-submit-button-wrap wp-block-button\"><button class=\"uagb-forms-main-submit-button wp-block-button__link\"><div class=\"uagb-forms-main-submit-button-text\">ENVIAR<\/div><\/button><\/div><\/form><div class=\"uagb-forms-success-message-076cede6 uagb-forms-submit-message-hide\"><span>The form has been submitted successfully!<\/span><\/div><div class=\"uagb-forms-failed-message-076cede6 uagb-forms-submit-message-hide\"><span>There has been some error while submitting the form. Please verify all form fields again.<\/span><\/div><\/div>\n<\/div>\n<\/div><\/div>\n\n\n\n<div style=\"height:201px\" aria-hidden=\"true\" class=\"wp-block-spacer\"><\/div>\n\n\n\n<p><\/p>\n","protected":false},"excerpt":{"rendered":"<p>MAESTR\u00cdA EN EDUCACI\u00d3N SUPERIOR<\/p>\n","protected":false},"author":2,"featured_media":0,"parent":2080,"menu_order":0,"comment_status":"closed","ping_status":"closed","template":"","meta":{"_uag_custom_page_level_css":"","site-sidebar-layout":"default","site-content-layout":"","ast-site-content-layout":"default","site-content-style":"default","site-sidebar-style":"default","ast-global-header-display":"","ast-banner-title-visibility":"","ast-main-header-display":"","ast-hfb-above-header-display":"","ast-hfb-below-header-display":"","ast-hfb-mobile-header-display":"","site-post-title":"disabled","ast-breadcrumbs-content":"","ast-featured-img":"","footer-sml-layout":"","theme-transparent-header-meta":"","adv-header-id-meta":"","stick-header-meta":"","header-above-stick-meta":"","header-main-stick-meta":"","header-below-stick-meta":"","astra-migrate-meta-layouts":"set","ast-page-background-enabled":"default","ast-page-background-meta":{"desktop":{"background-color":"","background-image":"","background-repeat":"repeat","background-position":"center center","background-size":"auto","background-attachment":"scroll","background-type":"","background-media":"","overlay-type":"","overlay-color":"","overlay-opacity":"","overlay-gradient":""},"tablet":{"background-color":"","background-image":"","background-repeat":"repeat","background-position":"center center","background-size":"auto","background-attachment":"scroll","background-type":"","background-media":"","overlay-type":"","overlay-color":"","overlay-opacity":"","overlay-gradient":""},"mobile":{"background-color":"","background-image":"","background-repeat":"repeat","background-position":"center center","background-size":"auto","background-attachment":"scroll","background-type":"","background-media":"","overlay-type":"","overlay-color":"","overlay-opacity":"","overlay-gradient":""}},"ast-content-background-meta":{"desktop":{"background-color":"var(--ast-global-color-5)","background-image":"","background-repeat":"repeat","background-position":"center center","background-size":"auto","background-attachment":"scroll","background-type":"","background-media":"","overlay-type":"","overlay-color":"","overlay-opacity":"","overlay-gradient":""},"tablet":{"background-color":"var(--ast-global-color-5)","background-image":"","background-repeat":"repeat","background-position":"center center","background-size":"auto","background-attachment":"scroll","background-type":"","background-media":"","overlay-type":"","overlay-color":"","overlay-opacity":"","overlay-gradient":""},"mobile":{"background-color":"var(--ast-global-color-5)","background-image":"","background-repeat":"repeat","background-position":"center center","background-size":"auto","background-attachment":"scroll","background-type":"","background-media":"","overlay-type":"","overlay-color":"","overlay-opacity":"","overlay-gradient":""}},"footnotes":""},"class_list":["post-2885","page","type-page","status-publish","hentry"],"uagb_featured_image_src":{"full":false,"thumbnail":false,"medium":false,"medium_large":false,"large":false,"1536x1536":false,"2048x2048":false},"uagb_author_info":{"display_name":"Rodrigo Acosta","author_link":"https:\/\/postgrado.eco.una.py\/?author=2"},"uagb_comment_info":0,"uagb_excerpt":"MAESTR\u00cdA EN EDUCACI\u00d3N SUPERIOR","_links":{"self":[{"href":"https:\/\/postgrado.eco.una.py\/index.php?rest_route=\/wp\/v2\/pages\/2885","targetHints":{"allow":["GET"]}}],"collection":[{"href":"https:\/\/postgrado.eco.una.py\/index.php?rest_route=\/wp\/v2\/pages"}],"about":[{"href":"https:\/\/postgrado.eco.una.py\/index.php?rest_route=\/wp\/v2\/types\/page"}],"author":[{"embeddable":true,"href":"https:\/\/postgrado.eco.una.py\/index.php?rest_route=\/wp\/v2\/users\/2"}],"replies":[{"embeddable":true,"href":"https:\/\/postgrado.eco.una.py\/index.php?rest_route=%2Fwp%2Fv2%2Fcomments&post=2885"}],"version-history":[{"count":50,"href":"https:\/\/postgrado.eco.una.py\/index.php?rest_route=\/wp\/v2\/pages\/2885\/revisions"}],"predecessor-version":[{"id":4667,"href":"https:\/\/postgrado.eco.una.py\/index.php?rest_route=\/wp\/v2\/pages\/2885\/revisions\/4667"}],"up":[{"embeddable":true,"href":"https:\/\/postgrado.eco.una.py\/index.php?rest_route=\/wp\/v2\/pages\/2080"}],"wp:attachment":[{"href":"https:\/\/postgrado.eco.una.py\/index.php?rest_route=%2Fwp%2Fv2%2Fmedia&parent=2885"}],"curies":[{"name":"wp","href":"https:\/\/api.w.org\/{rel}","templated":true}]}}