{"id":2860,"date":"2024-10-08T23:55:25","date_gmt":"2024-10-09T02:55:25","guid":{"rendered":"https:\/\/postgrado.eco.una.py\/?page_id=2860"},"modified":"2026-04-15T13:45:16","modified_gmt":"2026-04-15T16:45:16","slug":"especializacion-en-didactica-de-la-educacion-superior-2","status":"publish","type":"page","link":"https:\/\/postgrado.eco.una.py\/?page_id=2860","title":{"rendered":"ESPECIALIZACI\u00d3N EN DID\u00c1CTICA DE LA EDUCACI\u00d3N SUPERIOR"},"content":{"rendered":"\n<div class=\"wp-block-uagb-advanced-heading uagb-block-26bec0b8\"><h2 class=\"uagb-heading-text\"><strong>ESPECIALIZACI\u00d3N EN DID\u00c1CTICA DE LA EDUCACI\u00d3N SUPERIOR<\/strong><\/h2><div class=\"uagb-separator\"><\/div><\/div>\n\n\n\n<div class=\"wp-block-columns is-layout-flex wp-container-core-columns-is-layout-2 wp-block-columns-is-layout-flex\">\n<div class=\"wp-block-column is-layout-flow wp-block-column-is-layout-flow\" style=\"flex-basis:100%\">\n<div class=\"wp-block-uagb-container uagb-block-8d8c4016 alignfull uagb-is-root-container\">\n<div class=\"wp-block-uagb-container uagb-block-fd7adee9\">\n<div class=\"wp-block-uagb-tabs uagb-block-a8c7e1ff uagb-tabs__wrap uagb-tabs__vstyle6-desktop uagb-tabs__vstyle6-tablet uagb-tabs__stack1-mobile\" data-tab-active=\"0\"><ul class=\"uagb-tabs__panel uagb-tabs__align-left\" role=\"tablist\"><li class=\"uagb-tab uagb-tabs__active\" role=\"none\"><a href=\"#uagb-tabs__tab0\" class=\"uagb-tabs-list uagb-tabs__icon-position-left\" data-tab=\"0\" role=\"tab\"><span class=\"uagb-tabs__icon\"><svg xmlns=\"https:\/\/www.w3.org\/2000\/svg\" viewBox=\"0 0 448 512\"><path d=\"M246.6 233.4l-160-160c-12.5-12.5-32.75-12.5-45.25 0s-12.5 32.75 0 45.25L178.8 256l-137.4 137.4c-12.5 12.5-12.5 32.75 0 45.25C47.63 444.9 55.81 448 64 448s16.38-3.125 22.62-9.375l160-160C259.1 266.1 259.1 245.9 246.6 233.4zM438.6 233.4l-160-160c-12.5-12.5-32.75-12.5-45.25 0s-12.5 32.75 0 45.25L370.8 256l-137.4 137.4c-12.5 12.5-12.5 32.75 0 45.25C239.6 444.9 247.8 448 256 448s16.38-3.125 22.62-9.375l160-160C451.1 266.1 451.1 245.9 438.6 233.4z\"><\/path><\/svg><\/span><div><strong>CONVOCATORIA<\/strong><\/div><\/a><\/li><li class=\"uagb-tab \" role=\"none\"><a href=\"#uagb-tabs__tab1\" class=\"uagb-tabs-list uagb-tabs__icon-position-left\" data-tab=\"1\" role=\"tab\"><span class=\"uagb-tabs__icon\"><svg xmlns=\"https:\/\/www.w3.org\/2000\/svg\" viewBox=\"0 0 448 512\"><path d=\"M246.6 233.4l-160-160c-12.5-12.5-32.75-12.5-45.25 0s-12.5 32.75 0 45.25L178.8 256l-137.4 137.4c-12.5 12.5-12.5 32.75 0 45.25C47.63 444.9 55.81 448 64 448s16.38-3.125 22.62-9.375l160-160C259.1 266.1 259.1 245.9 246.6 233.4zM438.6 233.4l-160-160c-12.5-12.5-32.75-12.5-45.25 0s-12.5 32.75 0 45.25L370.8 256l-137.4 137.4c-12.5 12.5-12.5 32.75 0 45.25C239.6 444.9 247.8 448 256 448s16.38-3.125 22.62-9.375l160-160C451.1 266.1 451.1 245.9 438.6 233.4z\"><\/path><\/svg><\/span><div><strong>REQUISITOS<\/strong><\/div><\/a><\/li><li class=\"uagb-tab \" role=\"none\"><a href=\"#uagb-tabs__tab2\" class=\"uagb-tabs-list uagb-tabs__icon-position-left\" data-tab=\"2\" role=\"tab\"><span class=\"uagb-tabs__icon\"><svg xmlns=\"https:\/\/www.w3.org\/2000\/svg\" viewBox=\"0 0 448 512\"><path d=\"M246.6 233.4l-160-160c-12.5-12.5-32.75-12.5-45.25 0s-12.5 32.75 0 45.25L178.8 256l-137.4 137.4c-12.5 12.5-12.5 32.75 0 45.25C47.63 444.9 55.81 448 64 448s16.38-3.125 22.62-9.375l160-160C259.1 266.1 259.1 245.9 246.6 233.4zM438.6 233.4l-160-160c-12.5-12.5-32.75-12.5-45.25 0s-12.5 32.75 0 45.25L370.8 256l-137.4 137.4c-12.5 12.5-12.5 32.75 0 45.25C239.6 444.9 247.8 448 256 448s16.38-3.125 22.62-9.375l160-160C451.1 266.1 451.1 245.9 438.6 233.4z\"><\/path><\/svg><\/span><div><strong><strong>SOLICITUD DE PRE-INSCRIPCI\u00d3N<\/strong><\/strong><\/div><\/a><\/li><li class=\"uagb-tab \" role=\"none\"><a href=\"#uagb-tabs__tab3\" class=\"uagb-tabs-list uagb-tabs__icon-position-left\" data-tab=\"3\" role=\"tab\"><span class=\"uagb-tabs__icon\"><svg xmlns=\"https:\/\/www.w3.org\/2000\/svg\" viewBox=\"0 0 448 512\"><path d=\"M246.6 233.4l-160-160c-12.5-12.5-32.75-12.5-45.25 0s-12.5 32.75 0 45.25L178.8 256l-137.4 137.4c-12.5 12.5-12.5 32.75 0 45.25C47.63 444.9 55.81 448 64 448s16.38-3.125 22.62-9.375l160-160C259.1 266.1 259.1 245.9 246.6 233.4zM438.6 233.4l-160-160c-12.5-12.5-32.75-12.5-45.25 0s-12.5 32.75 0 45.25L370.8 256l-137.4 137.4c-12.5 12.5-12.5 32.75 0 45.25C239.6 444.9 247.8 448 256 448s16.38-3.125 22.62-9.375l160-160C451.1 266.1 451.1 245.9 438.6 233.4z\"><\/path><\/svg><\/span><div><strong>PLAN CURRICULAR Y MODALIDAD<\/strong><\/div><\/a><\/li><li class=\"uagb-tab \" role=\"none\"><a href=\"#uagb-tabs__tab4\" class=\"uagb-tabs-list uagb-tabs__icon-position-left\" data-tab=\"4\" role=\"tab\"><span class=\"uagb-tabs__icon\"><svg xmlns=\"https:\/\/www.w3.org\/2000\/svg\" viewBox=\"0 0 448 512\"><path d=\"M246.6 233.4l-160-160c-12.5-12.5-32.75-12.5-45.25 0s-12.5 32.75 0 45.25L178.8 256l-137.4 137.4c-12.5 12.5-12.5 32.75 0 45.25C47.63 444.9 55.81 448 64 448s16.38-3.125 22.62-9.375l160-160C259.1 266.1 259.1 245.9 246.6 233.4zM438.6 233.4l-160-160c-12.5-12.5-32.75-12.5-45.25 0s-12.5 32.75 0 45.25L370.8 256l-137.4 137.4c-12.5 12.5-12.5 32.75 0 45.25C239.6 444.9 247.8 448 256 448s16.38-3.125 22.62-9.375l160-160C451.1 266.1 451.1 245.9 438.6 233.4z\"><\/path><\/svg><\/span><div><strong>ARANCELES<\/strong><\/div><\/a><\/li><li class=\"uagb-tab \" role=\"none\"><a href=\"#uagb-tabs__tab5\" class=\"uagb-tabs-list uagb-tabs__icon-position-left\" data-tab=\"5\" role=\"tab\"><span class=\"uagb-tabs__icon\"><svg xmlns=\"https:\/\/www.w3.org\/2000\/svg\" viewBox=\"0 0 448 512\"><path d=\"M246.6 233.4l-160-160c-12.5-12.5-32.75-12.5-45.25 0s-12.5 32.75 0 45.25L178.8 256l-137.4 137.4c-12.5 12.5-12.5 32.75 0 45.25C47.63 444.9 55.81 448 64 448s16.38-3.125 22.62-9.375l160-160C259.1 266.1 259.1 245.9 246.6 233.4zM438.6 233.4l-160-160c-12.5-12.5-32.75-12.5-45.25 0s-12.5 32.75 0 45.25L370.8 256l-137.4 137.4c-12.5 12.5-12.5 32.75 0 45.25C239.6 444.9 247.8 448 256 448s16.38-3.125 22.62-9.375l160-160C451.1 266.1 451.1 245.9 438.6 233.4z\"><\/path><\/svg><\/span><div><strong>CONTACTOS<\/strong><\/div><\/a><\/li><\/ul><div class=\"uagb-tabs__body-wrap\">\n<div class=\"wp-block-uagb-tabs-child uagb-tabs__body-container uagb-inner-tab-0\" aria-labelledby=\"uagb-tabs__tab0\">\n<div class=\"wp-block-uagb-image aligncenter uagb-block-a40c0795 wp-block-uagb-image--layout-default wp-block-uagb-image--effect-static wp-block-uagb-image--align-center\"><figure class=\"wp-block-uagb-image__figure\"><img decoding=\"async\" srcset=\"https:\/\/postgrado.eco.una.py\/wp-content\/uploads\/2026\/04\/postgrado_2026_-mayo_EDS2-730x1024.jpg ,https:\/\/postgrado.eco.una.py\/wp-content\/uploads\/2026\/04\/postgrado_2026_-mayo_EDS2-scaled.jpg 780w, https:\/\/postgrado.eco.una.py\/wp-content\/uploads\/2026\/04\/postgrado_2026_-mayo_EDS2-scaled.jpg 360w\" sizes=\"auto, (max-width: 480px) 150px\" src=\"https:\/\/postgrado.eco.una.py\/wp-content\/uploads\/2026\/04\/postgrado_2026_-mayo_EDS2-730x1024.jpg\" alt=\"\" class=\"uag-image-4574\" width=\"2460\" height=\"3450\" title=\"postgrado_2026_ mayo_EDS2\" loading=\"lazy\" role=\"img\"\/><\/figure><\/div>\n<\/div>\n\n\n\n<div class=\"wp-block-uagb-tabs-child uagb-tabs__body-container uagb-inner-tab-1\" aria-labelledby=\"uagb-tabs__tab1\">\n<ul style=\"font-size:15px\" class=\"wp-block-list\">\n<li>Llenar la solicitud de inscripci\u00f3n.<\/li>\n\n\n\n<li>Presentar Curr\u00edculo Vitae actualizado con foto carnet.&nbsp;&nbsp;<a href=\"https:\/\/postgrado.eco.una.py\/wp-content\/uploads\/2024\/10\/MODELO-CV.docx\">descargar Modelo de CV<\/a><\/li>\n\n\n\n<li>Presentar copia del T\u00edtulo de Grado de una carrera habilitada por el CONES con una duraci\u00f3n de 2700 horas reloj presenciales o 4 a\u00f1os de duraci\u00f3n como m\u00ednimo o su equivalente de acuerdo al Sistema Nacional de Cr\u00e9ditos Acad\u00e9micos, debidamente autenticada por el Rectorado de la UNA.<\/li>\n\n\n\n<li>Presentar copia del Certificado de Estudios de Grado de una carrera habilitada por el CONES con una duraci\u00f3n m\u00ednima de 2700 horas reloj presenciales o 4 a\u00f1os de duraci\u00f3n como m\u00ednimo o su equivalente de acuerdo al Sistema Nacional de Cr\u00e9ditos Acad\u00e9micos, debidamente autenticada por el Rectorado de la UNA.<\/li>\n\n\n\n<li>Presentar copia del Documento de Identidad Civil v\u00e1lido en el Paraguay, vigente y autenticado por Escriban\u00eda P\u00fablica.<\/li>\n\n\n\n<li>Presentar documentaci\u00f3n de haber obtenido alguna beca, financiaci\u00f3n especial o compromiso personal o institucional, asumiendo la responsabilidad del pago de aranceles correspondientes.<\/li>\n<\/ul>\n\n\n\n<p style=\"font-size:15px\"><\/p>\n<\/div>\n\n\n\n<div class=\"wp-block-uagb-tabs-child uagb-tabs__body-container uagb-inner-tab-2\" aria-labelledby=\"uagb-tabs__tab2\">\n<p class=\"has-black-color has-text-color has-link-color wp-elements-4d944a720c59717917e6f2c576c94e55\" style=\"font-size:15px\">Si desea inscribirse al programa de Postgrado \u201cEspecializaci\u00f3n en Did\u00e1ctica de la Educaci\u00f3n Superior\u201d, puede realizarlo haciendo click en el icono<\/p>\n\n\n\n<div class=\"wp-block-uagb-image aligncenter uagb-block-ccd9bc94 wp-block-uagb-image--layout-default wp-block-uagb-image--effect-static wp-block-uagb-image--align-center\"><figure class=\"wp-block-uagb-image__figure\"><a class=\"\" href=\"https:\/\/forms.gle\/jZucxGS8CGJBksT3A\" target=\"\" rel=\"noopener\"><img decoding=\"async\" srcset=\"https:\/\/postgrado.eco.una.py\/wp-content\/uploads\/2025\/07\/FormsIcon1.png ,https:\/\/postgrado.eco.una.py\/wp-content\/uploads\/2025\/07\/FormsIcon1.png 780w, https:\/\/postgrado.eco.una.py\/wp-content\/uploads\/2025\/07\/FormsIcon1.png 360w\" sizes=\"auto, (max-width: 480px) 150px\" src=\"https:\/\/postgrado.eco.una.py\/wp-content\/uploads\/2025\/07\/FormsIcon1.png\" alt=\"\" class=\"uag-image-4271\" width=\"67\" height=\"81\" title=\"Formulario de Pre Inscripci\u00f3n - Programas de Postgrado - Periodo 2025\" loading=\"lazy\" role=\"img\"\/><\/a><\/figure><\/div>\n\n\n\n<p class=\"has-text-align-left has-black-color has-text-color has-link-color wp-elements-af69ee9b7cc62c0bf76b21dbe096f747\" style=\"font-size:15px\">\u00a1Le esperamos en los cursos y programas de Posgrado de la Facultad de Ciencias Econ\u00f3micas de la Universidad Nacional de Asunci\u00f3n!&nbsp;<\/p>\n<\/div>\n\n\n\n<div class=\"wp-block-uagb-tabs-child uagb-tabs__body-container uagb-inner-tab-3\" aria-labelledby=\"uagb-tabs__tab3\">\n<div class=\"wp-block-uagb-advanced-heading uagb-block-cf73ba28\"><h2 class=\"uagb-heading-text\"><strong>M\u00f3dulos<\/strong><\/h2><\/div>\n\n\n\n<ul class=\"wp-block-list\">\n<li>M\u00f3dulo 1 Educaci\u00f3n, Did\u00e1ctica. Bases filos\u00f3ficas y pedag\u00f3gicas<\/li>\n\n\n\n<li>M\u00f3dulo 2 Contenidos y objetivos did\u00e1cticos<\/li>\n\n\n\n<li>M\u00f3dulo 3 Metodolog\u00edas, t\u00e9cnicas y estrategias del proceso de ense\u00f1anza aprendizaje<\/li>\n\n\n\n<li>M\u00f3dulo 4 Evaluaci\u00f3n educativa<\/li>\n\n\n\n<li>M\u00f3dulo 5 Educaci\u00f3n a distancia<\/li>\n\n\n\n<li>M\u00f3dulo 6 Realidades y desaf\u00edos de la Educaci\u00f3n Superior<\/li>\n\n\n\n<li>M\u00f3dulo 7 Investigaci\u00f3n Educativa<\/li>\n\n\n\n<li>M\u00f3dulo 8 Gesti\u00f3n Educativa<\/li>\n\n\n\n<li>M\u00f3dulo 9 Dise\u00f1o curricular<\/li>\n\n\n\n<li>M\u00f3dulo 10 Calidad en la educaci\u00f3n superior<\/li>\n\n\n\n<li>M\u00f3dulo 11 Pasant\u00eda Docente<\/li>\n\n\n\n<li>M\u00f3dulo 12 Proyecto de Extensi\u00f3n<\/li>\n<\/ul>\n\n\n\n<p class=\"has-ast-global-color-7-color has-text-color has-link-color wp-elements-528c89484cfcb7cd88bcea85cf8001e4\" style=\"font-size:15px\">El programa de Postgrado \u201cEspecializaci\u00f3n en Did\u00e1ctica de la Educaci\u00f3n Superior\u201d tiene una duraci\u00f3n de 370 horas reloj.<\/p>\n\n\n\n<p class=\"has-ast-global-color-7-color has-text-color has-link-color wp-elements-5c98d7228852787319ea079997fe6faa\" style=\"font-size:15px\">Horario de clases: Martes y jueves de 18:00 a 22:00hs<\/p>\n\n\n\n<p class=\"has-ast-global-color-7-color has-text-color has-link-color wp-elements-b3cd761a7f68e9b329370733c14c7210\" style=\"font-size:15px\">T\u00edtulo a otorgar: Especialista en Did\u00e1ctica de la Educaci\u00f3n Superior<\/p>\n<\/div>\n\n\n\n<div class=\"wp-block-uagb-tabs-child uagb-tabs__body-container uagb-inner-tab-4\" aria-labelledby=\"uagb-tabs__tab4\">\n<figure class=\"wp-block-table aligncenter is-style-regular\" style=\"font-size:18px\"><table class=\"has-fixed-layout\" style=\"border-width:2px\"><tbody><tr><td rowspan=\"2\"><strong>Formas de Pago<\/strong><\/td><td><strong>Contado<\/strong><\/td><td><strong>Financiado<\/strong><\/td><td><strong>Descuento del 50% para docentes y funcionarios de la FCE-UNA<\/strong><\/td><td><strong>Descuento del 15% para egresados de la FCE UNA<\/strong><\/td><\/tr><tr><td>G 4.100.000<\/td><td><strong>Total:<\/strong> G 4.500.000<br>15 cuotas de G 300.000<\/td><td><strong>Total:<\/strong> G 2.250.000<br>15 cuotas de G 150.000<\/td><td><strong>Total:<\/strong> G 3.825.000<br>15 cuotas de G 255.000<\/td><\/tr><\/tbody><\/table><\/figure>\n<\/div>\n\n\n\n<div class=\"wp-block-uagb-tabs-child uagb-tabs__body-container uagb-inner-tab-5\" aria-labelledby=\"uagb-tabs__tab5\">\n<div class=\"wp-block-uagb-info-box uagb-block-e08643f9 uagb-infobox__content-wrap  uagb-infobox-icon-above-title uagb-infobox-image-valign-top\"><div class=\"uagb-ifb-content\"><div class=\"uagb-ifb-title-wrap\"><h4 class=\"uagb-ifb-title\"><strong>Programa de Postgrado <strong>\u201c<\/strong>Especializaci\u00f3n en Did\u00e1ctica de la Educaci\u00f3n Superior\u201c<\/strong><\/h4><\/div><\/div><\/div>\n\n\n\n<div class=\"wp-block-columns is-layout-flex wp-container-core-columns-is-layout-1 wp-block-columns-is-layout-flex\">\n<div class=\"wp-block-column is-layout-flow wp-block-column-is-layout-flow\">\n<div class=\"wp-block-uagb-info-box uagb-block-5016d6e7 uagb-infobox__content-wrap  uagb-infobox-icon-above-title uagb-infobox-image-valign-top\"><div class=\"uagb-ifb-content\"><div class=\"uagb-ifb-title-wrap\"><h3 class=\"uagb-ifb-title\"><strong><em>Direcci\u00f3n de Postgrado<\/em><\/strong><\/h3><\/div><p class=\"uagb-ifb-desc\">Tel\u00e9fono: (021) 729 2001 int. 830\/850<br>Email: <a href=\"mailto:postgrado@eco.una.py\">postgrado@eco.una.py<\/a><\/p><\/div><\/div>\n<\/div>\n\n\n\n<div class=\"wp-block-column is-layout-flow wp-block-column-is-layout-flow\">\n<div class=\"wp-block-uagb-info-box uagb-block-15de02b9 uagb-infobox__content-wrap  uagb-infobox-icon-above-title uagb-infobox-image-valign-top\"><div class=\"uagb-ifb-content\"><div class=\"uagb-ifb-title-wrap\"><h3 class=\"uagb-ifb-title\"><strong><em>Coordinaci\u00f3n de Postgrado<\/em><\/strong><\/h3><\/div><p class=\"uagb-ifb-desc\">Prof. Esp. Nidia Cristina Vega Arrieta<br>Email: <a href=\"mailto:postgrado@eco.una.py\">nvega@eco.una.py<\/a><\/p><\/div><\/div>\n<\/div>\n<\/div>\n\n\n\n<div class=\"wp-block-uagb-info-box uagb-block-88ee3821 uagb-infobox__content-wrap  uagb-infobox-icon-above-title uagb-infobox-image-valign-top\"><div class=\"uagb-ifb-content\"><div class=\"uagb-ifb-title-wrap\"><h3 class=\"uagb-ifb-title\"><strong>Ruta Mcal Estigarribia km 11 &#8211; Campus de la UNA San Lorenzo<\/strong><\/h3><\/div><\/div><\/div>\n\n\n\n<div class=\"wp-block-uagb-forms uagb-forms__outer-wrap uagb-block-476efb5e uagb-forms__medium-btn\"><form class=\"uagb-forms-main-form\" method=\"post\" autocomplete=\"on\" name=\"uagb-form-476efb5e\">\n<div class=\"wp-block-uagb-forms-hidden uagb-forms-hidden-wrap uagb-block-39fc1909\"><input type=\"hidden\" id=\"hidden\" class=\"uagb-forms-hidden-input\" value=\"Especializaci\u00f3n en Did\u00e1ctica de la Educaci\u00f3n Superior\" name=\"Postgrado FCE\"\/><\/div>\n\n\n\n<div class=\"wp-block-uagb-forms-name uagb-forms-name-wrap uagb-forms-field-set uagb-block-4d8621c6\"><div class=\"uagb-forms-name-label required uagb-forms-input-label\" id=\"4d8621c6\">Nombre<\/div><input type=\"text\" placeholder=\"\" required class=\"uagb-forms-name-input uagb-forms-input\" name=\"4d8621c6\" autocomplete=\"given-name\"\/><\/div>\n\n\n\n<div class=\"wp-block-uagb-forms-name uagb-forms-name-wrap uagb-forms-field-set uagb-block-ee29ffc9\"><div class=\"uagb-forms-name-label required uagb-forms-input-label\" id=\"ee29ffc9\">Apellido<\/div><input type=\"text\" placeholder=\"\" required class=\"uagb-forms-name-input uagb-forms-input\" name=\"ee29ffc9\" autocomplete=\"family-name\"\/><\/div>\n\n\n\n<div class=\"wp-block-uagb-forms-email uagb-forms-email-wrap uagb-forms-field-set uagb-block-83ee72bd\"><div class=\"uagb-forms-email-label  uagb-forms-input-label\" id=\"83ee72bd\">Email<\/div><input type=\"email\" class=\"uagb-forms-email-input uagb-forms-input\" placeholder=\"example@mail.com\" name=\"83ee72bd\" autocomplete=\"email\"\/><\/div>\n\n\n\n<div class=\"wp-block-uagb-forms-textarea uagb-forms-textarea-wrap uagb-forms-field-set uagb-block-63a7ea69\"><div class=\"uagb-forms-textarea-label required uagb-forms-input-label\" id=\"63a7ea69\">Mensaje<\/div><textarea required class=\"uagb-forms-textarea-input uagb-forms-input\" rows=\"5\" placeholder=\"Escriba su mensaje\" name=\"63a7ea69\" autocomplete=\"off\"><\/textarea><\/div>\n<div class=\"uagb-forms-form-hidden-data\"><input type=\"hidden\" class=\"uagb_forms_form_label\" value=\"Spectra Form\"\/><input type=\"hidden\" class=\"uagb_forms_form_id\" value=\"uagb-form-476efb5e\"\/><\/div><div class=\"uagb-form-reacaptcha-error-476efb5e\"><\/div><div class=\"uagb-forms-main-submit-button-wrap wp-block-button\"><button class=\"uagb-forms-main-submit-button wp-block-button__link\"><div class=\"uagb-forms-main-submit-button-text\">ENVIAR<\/div><\/button><\/div><\/form><div class=\"uagb-forms-success-message-476efb5e uagb-forms-submit-message-hide\"><span>The form has been submitted successfully!<\/span><\/div><div class=\"uagb-forms-failed-message-476efb5e uagb-forms-submit-message-hide\"><span>There has been some error while submitting the form. Please verify all form fields again.<\/span><\/div><\/div>\n<\/div>\n<\/div><\/div>\n<\/div>\n<\/div>\n<\/div>\n<\/div>\n\n\n\n<p><\/p>\n","protected":false},"excerpt":{"rendered":"<p>ESPECIALIZACI\u00d3N EN DID\u00c1CTICA DE LA EDUCACI\u00d3N SUPERIOR<\/p>\n","protected":false},"author":2,"featured_media":0,"parent":2084,"menu_order":0,"comment_status":"closed","ping_status":"closed","template":"","meta":{"_uag_custom_page_level_css":"","site-sidebar-layout":"default","site-content-layout":"","ast-site-content-layout":"default","site-content-style":"default","site-sidebar-style":"default","ast-global-header-display":"","ast-banner-title-visibility":"","ast-main-header-display":"","ast-hfb-above-header-display":"","ast-hfb-below-header-display":"","ast-hfb-mobile-header-display":"","site-post-title":"disabled","ast-breadcrumbs-content":"","ast-featured-img":"","footer-sml-layout":"","theme-transparent-header-meta":"","adv-header-id-meta":"","stick-header-meta":"","header-above-stick-meta":"","header-main-stick-meta":"","header-below-stick-meta":"","astra-migrate-meta-layouts":"set","ast-page-background-enabled":"default","ast-page-background-meta":{"desktop":{"background-color":"","background-image":"","background-repeat":"repeat","background-position":"center center","background-size":"auto","background-attachment":"scroll","background-type":"","background-media":"","overlay-type":"","overlay-color":"","overlay-opacity":"","overlay-gradient":""},"tablet":{"background-color":"","background-image":"","background-repeat":"repeat","background-position":"center center","background-size":"auto","background-attachment":"scroll","background-type":"","background-media":"","overlay-type":"","overlay-color":"","overlay-opacity":"","overlay-gradient":""},"mobile":{"background-color":"","background-image":"","background-repeat":"repeat","background-position":"center center","background-size":"auto","background-attachment":"scroll","background-type":"","background-media":"","overlay-type":"","overlay-color":"","overlay-opacity":"","overlay-gradient":""}},"ast-content-background-meta":{"desktop":{"background-color":"var(--ast-global-color-5)","background-image":"","background-repeat":"repeat","background-position":"center center","background-size":"auto","background-attachment":"scroll","background-type":"","background-media":"","overlay-type":"","overlay-color":"","overlay-opacity":"","overlay-gradient":""},"tablet":{"background-color":"var(--ast-global-color-5)","background-image":"","background-repeat":"repeat","background-position":"center center","background-size":"auto","background-attachment":"scroll","background-type":"","background-media":"","overlay-type":"","overlay-color":"","overlay-opacity":"","overlay-gradient":""},"mobile":{"background-color":"var(--ast-global-color-5)","background-image":"","background-repeat":"repeat","background-position":"center center","background-size":"auto","background-attachment":"scroll","background-type":"","background-media":"","overlay-type":"","overlay-color":"","overlay-opacity":"","overlay-gradient":""}},"footnotes":""},"class_list":["post-2860","page","type-page","status-publish","hentry"],"uagb_featured_image_src":{"full":false,"thumbnail":false,"medium":false,"medium_large":false,"large":false,"1536x1536":false,"2048x2048":false},"uagb_author_info":{"display_name":"Rodrigo Acosta","author_link":"https:\/\/postgrado.eco.una.py\/?author=2"},"uagb_comment_info":0,"uagb_excerpt":"ESPECIALIZACI\u00d3N EN DID\u00c1CTICA DE LA EDUCACI\u00d3N SUPERIOR","_links":{"self":[{"href":"https:\/\/postgrado.eco.una.py\/index.php?rest_route=\/wp\/v2\/pages\/2860","targetHints":{"allow":["GET"]}}],"collection":[{"href":"https:\/\/postgrado.eco.una.py\/index.php?rest_route=\/wp\/v2\/pages"}],"about":[{"href":"https:\/\/postgrado.eco.una.py\/index.php?rest_route=\/wp\/v2\/types\/page"}],"author":[{"embeddable":true,"href":"https:\/\/postgrado.eco.una.py\/index.php?rest_route=\/wp\/v2\/users\/2"}],"replies":[{"embeddable":true,"href":"https:\/\/postgrado.eco.una.py\/index.php?rest_route=%2Fwp%2Fv2%2Fcomments&post=2860"}],"version-history":[{"count":39,"href":"https:\/\/postgrado.eco.una.py\/index.php?rest_route=\/wp\/v2\/pages\/2860\/revisions"}],"predecessor-version":[{"id":4575,"href":"https:\/\/postgrado.eco.una.py\/index.php?rest_route=\/wp\/v2\/pages\/2860\/revisions\/4575"}],"up":[{"embeddable":true,"href":"https:\/\/postgrado.eco.una.py\/index.php?rest_route=\/wp\/v2\/pages\/2084"}],"wp:attachment":[{"href":"https:\/\/postgrado.eco.una.py\/index.php?rest_route=%2Fwp%2Fv2%2Fmedia&parent=2860"}],"curies":[{"name":"wp","href":"https:\/\/api.w.org\/{rel}","templated":true}]}}