{"id":2508,"date":"2024-09-22T23:57:36","date_gmt":"2024-09-23T03:57:36","guid":{"rendered":"https:\/\/postgrado.eco.una.py\/?page_id=2508"},"modified":"2025-02-20T08:55:44","modified_gmt":"2025-02-20T11:55:44","slug":"nosotros","status":"publish","type":"page","link":"https:\/\/postgrado.eco.una.py\/?page_id=2508","title":{"rendered":"NOSOTROS"},"content":{"rendered":"\n<div class=\"wp-block-uagb-container uagb-block-62b1b839 alignfull uagb-is-root-container\"><div class=\"uagb-container-inner-blocks-wrap\">\n<div class=\"wp-block-uagb-advanced-heading uagb-block-812e47f8\"><h1 class=\"uagb-heading-text\"><strong>NOSOTROS<\/strong><\/h1><\/div>\n<\/div><\/div>\n\n\n\n<div class=\"wp-block-uagb-container uagb-block-jhc31owu alignfull uagb-is-root-container\"><div class=\"uagb-container-inner-blocks-wrap\">\n<section class=\"wp-block-uagb-columns uagb-columns__wrap uagb-columns__background-none uagb-columns__stack-mobile uagb-columns__valign-center uagb-columns__gap-10 align uagb-block-975cec09 uagb-columns__columns-2 uagb-columns__max_width-theme\"><div class=\"uagb-columns__overlay\"><\/div><div class=\"uagb-columns__inner-wrap uagb-columns__columns-2\">\n<div class=\"wp-block-uagb-column uagb-column__wrap uagb-column__background-undefined uagb-block-18580ae9\"><div class=\"uagb-column__overlay\"><\/div>\n<div data-aos= \"fade-right\" data-aos-duration=\"400\" data-aos-delay=\"0\" data-aos-easing=\"ease\" data-aos-once=\"true\" class=\"wp-block-uagb-info-box uagb-block-o5qokcfi uagb-infobox__content-wrap  uagb-infobox-icon-above-title uagb-infobox-image-valign-top\"><div class=\"uagb-ifb-content\"><div class=\"uagb-ifb-title-wrap\"><h1 class=\"uagb-ifb-title\"><strong>POSTGRADO<\/strong><\/h1><\/div><div class=\"uagb-ifb-separator\"><\/div><\/div><\/div>\n<\/div>\n\n\n\n<div class=\"wp-block-uagb-column uagb-column__wrap uagb-column__background-undefined uagb-block-a8270ee1\"><div class=\"uagb-column__overlay\"><\/div>\n<div data-aos= \"fade-left\" data-aos-duration=\"400\" data-aos-delay=\"0\" data-aos-easing=\"ease\" data-aos-once=\"true\" class=\"wp-block-uagb-info-box uagb-block-oqi4jufp uagb-infobox__content-wrap  uagb-infobox-icon-above-title uagb-infobox-image-valign-top\"><div class=\"uagb-ifb-content\"><div class=\"uagb-ifb-title-wrap\"><\/div><p class=\"uagb-ifb-desc\"><strong><strong>Facultad de Ciencias Econ\u00f3micas<\/strong><br><strong>Universidad Nacional de Asunci\u00f3n<\/strong><\/strong><\/p><\/div><\/div>\n<\/div>\n<\/div><\/section>\n\n\n\n<div class=\"wp-block-uagb-image alignleft uagb-block-tfhkri70 wp-block-uagb-image--layout-default wp-block-uagb-image--effect-static wp-block-uagb-image--align-left\"><figure class=\"wp-block-uagb-image__figure\"><img decoding=\"async\" srcset=\"https:\/\/postgrado.eco.una.py\/wp-content\/uploads\/2024\/04\/20240402_160124-1-1024x768.jpg ,https:\/\/postgrado.eco.una.py\/wp-content\/uploads\/2024\/04\/20240402_160124-1.jpg 780w, https:\/\/postgrado.eco.una.py\/wp-content\/uploads\/2024\/04\/20240402_160124-1.jpg 360w\" sizes=\"auto, (max-width: 480px) 150px\" src=\"https:\/\/postgrado.eco.una.py\/wp-content\/uploads\/2024\/04\/20240402_160124-1-1024x768.jpg\" alt=\"\" class=\"uag-image-2010\" width=\"1024\" height=\"768\" title=\"\" loading=\"lazy\" role=\"img\"\/><\/figure><\/div>\n\n\n\n<article class=\"wp-block-uagb-info-box uagb-block-rfilycij uagb-infobox__content-wrap  uagb-infobox-icon-above-title uagb-infobox-image-valign-top\"><div class=\"uagb-ifb-content\"><div class=\"uagb-ifb-title-wrap\"><h3 class=\"uagb-ifb-title\"><strong>Creaci\u00f3n y Funcionamiento de la Direcci\u00f3n de Postgrado de la Facultad de Ciencias Econ\u00f3micas<\/strong><\/h3><\/div><\/div><\/article>\n\n\n\n<p class=\"justificado\">     En el siglo XX y en los albores del Siglo XXI, ante el arrollador avance cient\u00edfico tecnol\u00f3gico y la emergencia de la sociedad del conocimiento, adem\u00e1s de las nuevas exigencias y crecientes demandas de una econom\u00eda competitiva y globalizada, la Universidad est\u00e1 realizando significativas reformas e incorporando importantes innovaciones en la oferta de nuevos cursos y especialidades de postgrado para profesionales titulados de diferentes carreras y la calificada formaci\u00f3n de docentes e investigadores.<\/p>\n\n\n\n<p class=\"justificado\"><br>     La econom\u00eda es uno de los campos de la ciencia que m\u00e1s cient\u00edficos de alto nivel requiere en la actualidad, principalmente, frente a los problemas como la desigualdad, la pobreza, la inflaci\u00f3n y la quebrantada sustentabilidad ambiental.<\/p>\n\n\n\n<p class=\"justificado\"><br>     En este contexto, la Direcci\u00f3n de Postgrado de la FCE UNA tiene el prop\u00f3sito de formar profesionales cient\u00edficos de alto nivel, capaces de generar y aportar nuevos conocimientos en el plano de la teor\u00eda y del an\u00e1lisis concreto en econom\u00eda.<\/p>\n\n\n\n<p class=\"justificar\"><br><\/p>\n\n\n\n<p class=\"justificar\">Actualmente, enmarca su quehacer acad\u00e9mico en las siguientes orientaciones y principios cardinales:<\/p>\n\n\n\n<div style=\"height:29px\" aria-hidden=\"true\" class=\"wp-block-spacer\"><\/div>\n\n\n\n<ul class=\"wp-block-list justificado\">\n<li class=\"justificar\">Las principales caracter\u00edsticas de los cursos de postgrado, acordes a su propia identidad y misi\u00f3n, son profundizar los contenidos cient\u00edficos de las materias de los cursos de grado, orientar a sus alumnos a una mayor profesionalizaci\u00f3n y formar docentes e investigadores calificados.<\/li>\n\n\n\n<li>Ofrecer, con un criterio de flexibilidad y adecuaci\u00f3n a la demanda de los profesionales paraguayos, a los requerimientos de la econom\u00eda nacional y del Mercosur, una pluralidad de cursos de especializaci\u00f3n, de maestr\u00eda y de investigaci\u00f3n para el doctorado.<\/li>\n\n\n\n<li>Promover un espacio de di\u00e1logo e intercambio fecundo y libre entre profesores y alumnos, para el logro de una efectiva pluri, inter y transdisiplinariedad entre las diferentes \u00e1reas cient\u00edficas y tecnol\u00f3gicas.<\/li>\n\n\n\n<li>Buscar la calidad y la excelencia como prop\u00f3sitos prioritarios en todo el proceso acad\u00e9mico, utilizando las nuevas t\u00e9cnicas de informaci\u00f3n y comunicaci\u00f3n y las renovadoras corrientes pedag\u00f3gicas y did\u00e1cticas actuales.<\/li>\n\n\n\n<li>Complementar las clases presenciales intensivas con la modalidad de cursos a distancia, contando con el apoyo de profesores tutores y gu\u00edas, teniendo presente que los alumnos son profesionales con compromisos laborales.<\/li>\n\n\n\n<li>Propiciar la actualizaci\u00f3n en los nuevos aportes cient\u00edficos en el marco de la educaci\u00f3n permanente y la educaci\u00f3n a lo largo de toda la vida.<\/li>\n<\/ul>\n\n\n\n<div class=\"wp-block-uagb-info-box uagb-block-o9yyxrn9 uagb-infobox__content-wrap  uagb-infobox-icon-above-title uagb-infobox-image-valign-top wp-block-uagb-info-box--has-margin\"><div class=\"uagb-infobox-margin-wrapper\"><div class=\"uagb-ifb-content\"><div class=\"uagb-ifb-title-wrap\"><h3 class=\"uagb-ifb-title\"><strong>Objetivos de los cursos<\/strong><\/h3><\/div><\/div><\/div><\/div>\n\n\n\n<p class=\"justificado\">     Los cursos de postgrado corresponden a los estudios o programas sistem\u00e1ticos que son ofrecidos a graduados universitarios con el objetivo de lograr:<\/p>\n\n\n\n<ul class=\"wp-block-list\">\n<li>La actualizaci\u00f3n y capacitaci\u00f3n de profesionales y personal acad\u00e9mico.<\/li>\n\n\n\n<li>La especializaci\u00f3n profesional.<\/li>\n\n\n\n<li>La formaci\u00f3n calificada de profesores e investigadores.<\/li>\n<\/ul>\n\n\n\n<p class=\"justificado\" style=\"font-size:17px\">      En los cursos de postgrado, con el esfuerzo aplicado de la ense\u00f1anza-aprendizaje se buscar\u00e1 la capacitaci\u00f3n creativa y la formaci\u00f3n superior y de excelencia de los participantes, poni\u00e9ndose \u00e9nfasis en la interdisciplinariedad, abarcando su contenido la integraci\u00f3n de la realidad nacional paraguaya y la del Mercosur.<\/p>\n\n\n\n<div class=\"wp-block-uagb-info-box uagb-block-e0d412c2 uagb-infobox__content-wrap  uagb-infobox-icon-above-title uagb-infobox-image-valign-top\"><div class=\"uagb-ifb-content\"><div class=\"uagb-ifb-title-wrap\"><h3 class=\"uagb-ifb-title\"><strong>Organizaci\u00f3n y Funciones <\/strong><br><strong>Direcci\u00f3n de Postgrado<\/strong><\/h3><\/div><\/div><\/div>\n\n\n\n<div class=\"wp-block-uagb-info-box uagb-block-f8cc0d09 uagb-infobox__content-wrap  uagb-infobox-icon-left uagb-infobox-left uagb-infobox-stacked-tablet uagb-infobox-image-valign-middle\"><div class=\"uagb-ifb-image-content\"><img decoding=\"async\" src=\"https:\/\/postgrado.eco.una.py\/wp-content\/uploads\/2024\/09\/icono-pdf-150x150.png\" alt=\"\" width=\"71\" height=\"71\" loading=\"lazy\"\/><\/div><div class=\"uagb-ifb-content\"><div class=\"uagb-ifb-title-wrap\"><h3 class=\"uagb-ifb-title\"><a href=\"https:\/\/postgrado.eco.una.py\/wp-content\/uploads\/2025\/02\/Res.-27-Por-la-cual-se-Modifica-el-Organigrama-Sectorial-de-la-Direccion-de-Postgrado.pdf\" data-type=\"link\" data-id=\"https:\/\/postgrado.eco.una.py\/wp-content\/uploads\/2024\/10\/organigrama_sectorial_Postgrado_300117.pdf\" target=\"_blank\" rel=\"noreferrer noopener\">Organigrama Sectorial Direcci\u00f3n de Postgrado <\/a><\/h3><\/div><\/div><\/div>\n\n\n\n<div class=\"wp-block-uagb-info-box uagb-block-bdfa37a2 uagb-infobox__content-wrap  uagb-infobox-icon-above-title uagb-infobox-image-valign-top wp-block-uagb-info-box--has-margin\"><div class=\"uagb-infobox-margin-wrapper\"><div class=\"uagb-ifb-content\"><div class=\"uagb-ifb-title-wrap\"><h3 class=\"uagb-ifb-title\"><strong>Manual de Funciones<\/strong><\/h3><\/div><\/div><\/div><\/div>\n\n\n\n<ul style=\"font-size:12px\" class=\"wp-block-list\">\n<li><em><strong>1 \u2013<a href=\"https:\/\/postgrado.eco.una.py\/wp-content\/uploads\/2024\/10\/1_-_Manual_de_Org_y_Func_Direccion.pdf\" data-type=\"link\" data-id=\"https:\/\/postgrado.eco.una.py\/wp-content\/uploads\/2024\/10\/1_-_Manual_de_Org_y_Func_Direccion.pdf\" target=\"_blank\" rel=\"noreferrer noopener\"> DIRECCI\u00d3N DE POSTGRADO<\/a><\/strong><\/em><\/li>\n\n\n\n<li><em><strong>2 \u2013 <a href=\"https:\/\/postgrado.eco.una.py\/wp-content\/uploads\/2024\/10\/2_-_MF_Secretaria_de_Atencion_al_Publico_Modificado.pdf\" data-type=\"link\" data-id=\"https:\/\/postgrado.eco.una.py\/wp-content\/uploads\/2024\/10\/2_-_MF_Secretaria_de_Atencion_al_Publico_Modificado.pdf\" target=\"_blank\" rel=\"noreferrer noopener\">SECRETAR\u00cdA DE ATENCI\u00d3N AL P\u00daBLICO<\/a><\/strong><\/em><\/li>\n\n\n\n<li><em><strong>3 \u2013 <a href=\"https:\/\/postgrado.eco.una.py\/wp-content\/uploads\/2024\/10\/3_-_Manual_de_Organizacion_y_Funciones_Secretaria_Privada.pdf\" data-type=\"link\" data-id=\"https:\/\/postgrado.eco.una.py\/wp-content\/uploads\/2024\/10\/3_-_Manual_de_Organizacion_y_Funciones_Secretaria_Privada.pdf\" target=\"_blank\" rel=\"noreferrer noopener\">SECRETAR\u00cdA PRIVADA<\/a><\/strong><\/em><\/li>\n\n\n\n<li><em><strong>4 \u2013 <a href=\"https:\/\/postgrado.eco.una.py\/wp-content\/uploads\/2024\/10\/4_-_Manual_de_Organizacion_y_Funciones_Unidad_de_Gestion_Academica_MODIFICADO.pdf\" data-type=\"link\" data-id=\"https:\/\/postgrado.eco.una.py\/wp-content\/uploads\/2024\/10\/4_-_Manual_de_Organizacion_y_Funciones_Unidad_de_Gestion_Academica_MODIFICADO.pdf\" target=\"_blank\" rel=\"noreferrer noopener\">UNIDAD DE GESTI\u00d3N ACAD\u00c9MICA<\/a><\/strong><\/em><\/li>\n\n\n\n<li><em><strong>5 \u2013 <a href=\"https:\/\/postgrado.eco.una.py\/wp-content\/uploads\/2024\/10\/5_-_Manual_de_Organizacion_y_Funciones_Unidad_de_Diseno_y_Desarrollo_de_Programas.pdf\" data-type=\"link\" data-id=\"https:\/\/postgrado.eco.una.py\/wp-content\/uploads\/2024\/10\/5_-_Manual_de_Organizacion_y_Funciones_Unidad_de_Diseno_y_Desarrollo_de_Programas.pdf\" target=\"_blank\" rel=\"noreferrer noopener\">UNIDAD DE DISE\u00d1O Y DESARROLLO DE PROGRAMAS<\/a><\/strong><\/em><\/li>\n\n\n\n<li><em><strong>6 \u2013 <a href=\"https:\/\/postgrado.eco.una.py\/wp-content\/uploads\/2024\/10\/6_-_Manual_de_Organizacion_y_Funciones_Unidad_de_Gestion_Administrativa_y_Financiera.pdf\" data-type=\"link\" data-id=\"https:\/\/postgrado.eco.una.py\/wp-content\/uploads\/2024\/10\/6_-_Manual_de_Organizacion_y_Funciones_Unidad_de_Gestion_Administrativa_y_Financiera.pdf\" target=\"_blank\" rel=\"noreferrer noopener\">UNIDAD DE GESTI\u00d3N ADMINISTRATIVA y FINANCIERA<\/a><\/strong><\/em>\n<ul class=\"wp-block-list\">\n<li>6.1 \u2013 <a href=\"https:\/\/postgrado.eco.una.py\/wp-content\/uploads\/2024\/10\/6.1_-_Manual_de_Organizacion_y_Funciones_Unidad_de_Gestion_Administrativa_y_Financiera-Servicios.pdf\" data-type=\"link\" data-id=\"https:\/\/postgrado.eco.una.py\/wp-content\/uploads\/2024\/10\/6.1_-_Manual_de_Organizacion_y_Funciones_Unidad_de_Gestion_Administrativa_y_Financiera-Servicios.pdf\" target=\"_blank\" rel=\"noreferrer noopener\">SERVICIOS<\/a><\/li>\n\n\n\n<li>6.2 \u2013 <a href=\"https:\/\/postgrado.eco.una.py\/wp-content\/uploads\/2024\/10\/6.2_-_Manual_de_Organizacion_y_Funciones_de_Gestion_Administrativa.pdf\" data-type=\"link\" data-id=\"https:\/\/postgrado.eco.una.py\/wp-content\/uploads\/2024\/10\/6.2_-_Manual_de_Organizacion_y_Funciones_de_Gestion_Administrativa.pdf\" target=\"_blank\" rel=\"noreferrer noopener\">GESTI\u00d3N ADMINISTRATIVA<\/a><\/li>\n\n\n\n<li>6.3 \u2013 <a href=\"https:\/\/postgrado.eco.una.py\/wp-content\/uploads\/2024\/10\/6.3_-_Manual_de_Organizacion_y_Funciones_de_Gestion_Financiera.pdf\" data-type=\"link\" data-id=\"https:\/\/postgrado.eco.una.py\/wp-content\/uploads\/2024\/10\/6.3_-_Manual_de_Organizacion_y_Funciones_de_Gestion_Financiera.pdf\" target=\"_blank\" rel=\"noreferrer noopener\">GESTI\u00d3N FINANCIERA<\/a><\/li>\n<\/ul>\n<\/li>\n\n\n\n<li><em><strong>7 \u2013 <a href=\"https:\/\/postgrado.eco.una.py\/wp-content\/uploads\/2024\/10\/7_-_Manual_de_Organizacion_y_Funciones_Unidad_de_Control_y_Seguimiento_SPP.pdf\" data-type=\"link\" data-id=\"https:\/\/postgrado.eco.una.py\/wp-content\/uploads\/2024\/10\/7_-_Manual_de_Organizacion_y_Funciones_Unidad_de_Control_y_Seguimiento_SPP.pdf\" target=\"_blank\" rel=\"noreferrer noopener\">UNIDAD DE CONTROL Y SEGUIMIENTO<\/a><\/strong><\/em><\/li>\n\n\n\n<li><em><strong>8 \u2013 <a href=\"https:\/\/postgrado.eco.una.py\/wp-content\/uploads\/2024\/10\/8_-_MF_Asesoria_Modificado.pdf\" data-type=\"link\" data-id=\"https:\/\/postgrado.eco.una.py\/wp-content\/uploads\/2024\/10\/8_-_MF_Asesoria_Modificado.pdf\" target=\"_blank\" rel=\"noreferrer noopener\">ASESOR\u00cdA<\/a><\/strong><\/em><\/li>\n\n\n\n<li><em><strong>9 \u2013 <a href=\"https:\/\/postgrado.eco.una.py\/wp-content\/uploads\/2024\/10\/9_-_Manual_de_Organizacion_y_Funciones_Coordinacion_General_Academica.pdf\" data-type=\"link\" data-id=\"https:\/\/postgrado.eco.una.py\/wp-content\/uploads\/2024\/10\/9_-_Manual_de_Organizacion_y_Funciones_Coordinacion_General_Academica.pdf\" target=\"_blank\" rel=\"noreferrer noopener\">COORDINACI\u00d3N GENERAL ACAD\u00c9MICA<\/a><\/strong><\/em><\/li>\n\n\n\n<li><em><strong>10 \u2013 <a href=\"https:\/\/postgrado.eco.una.py\/wp-content\/uploads\/2024\/10\/10_-_Manual_de_Organizacion_y_Funciones_Coordinacion_de_Programas_de_Capacitacion_y_Cursos_de_Act.pdf\" data-type=\"link\" data-id=\"https:\/\/postgrado.eco.una.py\/wp-content\/uploads\/2024\/10\/10_-_Manual_de_Organizacion_y_Funciones_Coordinacion_de_Programas_de_Capacitacion_y_Cursos_de_Act.pdf\" target=\"_blank\" rel=\"noreferrer noopener\">COORDINACI\u00d3N DE PROGRAMAS DE CAPACITACI\u00d3N Y CURSOS DE ACTUALIZACI\u00d3N<\/a><\/strong><\/em>\n<ul class=\"wp-block-list\">\n<li>10.1 \u2013 <a href=\"https:\/\/postgrado.eco.una.py\/wp-content\/uploads\/2024\/10\/10.1_-_MF_Apoyo_Tecnico_Coordinacion_de_Programas_de_Capacitacion_y_Cursos_de_Actualizacion.pdf\" data-type=\"link\" data-id=\"https:\/\/postgrado.eco.una.py\/wp-content\/uploads\/2024\/10\/10.1_-_MF_Apoyo_Tecnico_Coordinacion_de_Programas_de_Capacitacion_y_Cursos_de_Actualizacion.pdf\" target=\"_blank\" rel=\"noreferrer noopener\">APOYO T\u00c9CNICO<\/a><\/li>\n<\/ul>\n<\/li>\n\n\n\n<li><em><strong>11 \u2013 <a href=\"https:\/\/postgrado.eco.una.py\/wp-content\/uploads\/2024\/10\/11_-_Manual_de_Organizacion_y_Funciones_Coordinacion_de_Programas_de_Especializacion.pdf\" data-type=\"link\" data-id=\"https:\/\/postgrado.eco.una.py\/wp-content\/uploads\/2024\/10\/11_-_Manual_de_Organizacion_y_Funciones_Coordinacion_de_Programas_de_Especializacion.pdf\" target=\"_blank\" rel=\"noreferrer noopener\">COORDINACI\u00d3N DE PROGRAMAS DE ESPECIALIZACI\u00d3N<\/a><\/strong><\/em>\n<ul class=\"wp-block-list\">\n<li>11.1 \u2013 <a href=\"https:\/\/postgrado.eco.una.py\/wp-content\/uploads\/2024\/10\/11.1_-_MF_Apoyo_Tecnico_Coordinacion_de_Programas_de_Especializac_Modificado.pdf\" data-type=\"link\" data-id=\"https:\/\/postgrado.eco.una.py\/wp-content\/uploads\/2024\/10\/11.1_-_MF_Apoyo_Tecnico_Coordinacion_de_Programas_de_Especializac_Modificado.pdf\" target=\"_blank\" rel=\"noreferrer noopener\">APOYO T\u00c9CNICO<\/a><\/li>\n<\/ul>\n<\/li>\n\n\n\n<li><em><strong>12 \u2013 <a href=\"https:\/\/postgrado.eco.una.py\/wp-content\/uploads\/2024\/10\/12_-_MF_Coordinacion_de_Programas_de_Maestria_Modificado.pdf\" data-type=\"link\" data-id=\"https:\/\/postgrado.eco.una.py\/wp-content\/uploads\/2024\/10\/12_-_MF_Coordinacion_de_Programas_de_Maestria_Modificado.pdf\" target=\"_blank\" rel=\"noreferrer noopener\">COORDINACI\u00d3N DE PROGRAMAS DE MAESTR\u00cdA<\/a><\/strong><\/em>\n<ul class=\"wp-block-list\">\n<li>12.1 \u2013 <a href=\"https:\/\/postgrado.eco.una.py\/wp-content\/uploads\/2024\/10\/12.1_-_MF_Apoyo_Tecnico_Coordinacion_de_Programas_de_Maestria_Modificado.pdf\" data-type=\"link\" data-id=\"https:\/\/postgrado.eco.una.py\/wp-content\/uploads\/2024\/10\/12.1_-_MF_Apoyo_Tecnico_Coordinacion_de_Programas_de_Maestria_Modificado.pdf\" target=\"_blank\" rel=\"noreferrer noopener\">APOYO T\u00c9CNICO<\/a><\/li>\n<\/ul>\n<\/li>\n\n\n\n<li><em><strong>13 \u2013 <a href=\"https:\/\/postgrado.eco.una.py\/wp-content\/uploads\/2024\/10\/13_-_Manual_de_Organizacion_y_Funciones_Coordinacion_de_Programas_de_Doctorado.pdf\" data-type=\"link\" data-id=\"https:\/\/postgrado.eco.una.py\/wp-content\/uploads\/2024\/10\/13_-_Manual_de_Organizacion_y_Funciones_Coordinacion_de_Programas_de_Doctorado.pdf\" target=\"_blank\" rel=\"noreferrer noopener\">COORDINACI\u00d3N DE PROGRAMAS DE DOCTORADO<\/a><\/strong><\/em><\/li>\n\n\n\n<li><em><strong>14 \u2013 <a href=\"https:\/\/postgrado.eco.una.py\/wp-content\/uploads\/2024\/10\/14_-_Manual_de_Organizacion_y_Funciones_Coordinacion_de_Tesis.pdf\" data-type=\"link\" data-id=\"https:\/\/postgrado.eco.una.py\/wp-content\/uploads\/2024\/10\/14_-_Manual_de_Organizacion_y_Funciones_Coordinacion_de_Tesis.pdf\" target=\"_blank\" rel=\"noreferrer noopener\">COORDINACI\u00d3N DE TESIS<\/a><\/strong><\/em>\n<ul class=\"wp-block-list\">\n<li>14.1 \u2013 <a href=\"https:\/\/postgrado.eco.una.py\/wp-content\/uploads\/2024\/10\/14.1_-_Manual_de_Organizacion_y_Funciones_Apoyo_Tecnico_Coordinacion_de_Tesis.pdf\" data-type=\"link\" data-id=\"https:\/\/postgrado.eco.una.py\/wp-content\/uploads\/2024\/10\/14.1_-_Manual_de_Organizacion_y_Funciones_Apoyo_Tecnico_Coordinacion_de_Tesis.pdf\" target=\"_blank\" rel=\"noreferrer noopener\">APOYO T\u00c9CNICO<\/a><\/li>\n\n\n\n<li>14.2 \u2013 <a href=\"https:\/\/postgrado.eco.una.py\/wp-content\/uploads\/2024\/10\/14.2_-_Manual_de_Organizacion_y_Funciones_Tutores_Metodologicos.pdf\" data-type=\"link\" data-id=\"https:\/\/postgrado.eco.una.py\/wp-content\/uploads\/2024\/10\/14.2_-_Manual_de_Organizacion_y_Funciones_Tutores_Metodologicos.pdf\" target=\"_blank\" rel=\"noreferrer noopener\">TUTORES METODOL\u00d3GICOS<\/a><\/li>\n<\/ul>\n<\/li>\n<\/ul>\n<\/div><\/div>\n\n\n\n<p><\/p>\n","protected":false},"excerpt":{"rendered":"<p>NOSOTROS En el siglo XX y en los albores del Siglo XXI, ante el arrollador avance cient\u00edfico tecnol\u00f3gico y la emergencia de la sociedad del conocimiento, adem\u00e1s de las nuevas exigencias y crecientes demandas de una econom\u00eda competitiva y globalizada, la Universidad est\u00e1 realizando significativas reformas e incorporando importantes innovaciones en la oferta de nuevos [&hellip;]<\/p>\n","protected":false},"author":2,"featured_media":0,"parent":0,"menu_order":0,"comment_status":"closed","ping_status":"closed","template":"","meta":{"_uag_custom_page_level_css":"","site-sidebar-layout":"default","site-content-layout":"","ast-site-content-layout":"default","site-content-style":"default","site-sidebar-style":"default","ast-global-header-display":"","ast-banner-title-visibility":"","ast-main-header-display":"","ast-hfb-above-header-display":"","ast-hfb-below-header-display":"","ast-hfb-mobile-header-display":"","site-post-title":"disabled","ast-breadcrumbs-content":"","ast-featured-img":"","footer-sml-layout":"","theme-transparent-header-meta":"","adv-header-id-meta":"","stick-header-meta":"","header-above-stick-meta":"","header-main-stick-meta":"","header-below-stick-meta":"","astra-migrate-meta-layouts":"set","ast-page-background-enabled":"default","ast-page-background-meta":{"desktop":{"background-color":"","background-image":"","background-repeat":"repeat","background-position":"center center","background-size":"auto","background-attachment":"scroll","background-type":"","background-media":"","overlay-type":"","overlay-color":"","overlay-opacity":"","overlay-gradient":""},"tablet":{"background-color":"","background-image":"","background-repeat":"repeat","background-position":"center center","background-size":"auto","background-attachment":"scroll","background-type":"","background-media":"","overlay-type":"","overlay-color":"","overlay-opacity":"","overlay-gradient":""},"mobile":{"background-color":"","background-image":"","background-repeat":"repeat","background-position":"center center","background-size":"auto","background-attachment":"scroll","background-type":"","background-media":"","overlay-type":"","overlay-color":"","overlay-opacity":"","overlay-gradient":""}},"ast-content-background-meta":{"desktop":{"background-color":"var(--ast-global-color-5)","background-image":"","background-repeat":"repeat","background-position":"center center","background-size":"auto","background-attachment":"scroll","background-type":"","background-media":"","overlay-type":"","overlay-color":"","overlay-opacity":"","overlay-gradient":""},"tablet":{"background-color":"var(--ast-global-color-5)","background-image":"","background-repeat":"repeat","background-position":"center center","background-size":"auto","background-attachment":"scroll","background-type":"","background-media":"","overlay-type":"","overlay-color":"","overlay-opacity":"","overlay-gradient":""},"mobile":{"background-color":"var(--ast-global-color-5)","background-image":"","background-repeat":"repeat","background-position":"center center","background-size":"auto","background-attachment":"scroll","background-type":"","background-media":"","overlay-type":"","overlay-color":"","overlay-opacity":"","overlay-gradient":""}},"footnotes":""},"class_list":["post-2508","page","type-page","status-publish","hentry"],"uagb_featured_image_src":{"full":false,"thumbnail":false,"medium":false,"medium_large":false,"large":false,"1536x1536":false,"2048x2048":false},"uagb_author_info":{"display_name":"Rodrigo Acosta","author_link":"https:\/\/postgrado.eco.una.py\/?author=2"},"uagb_comment_info":0,"uagb_excerpt":"NOSOTROS En el siglo XX y en los albores del Siglo XXI, ante el arrollador avance cient\u00edfico tecnol\u00f3gico y la emergencia de la sociedad del conocimiento, adem\u00e1s de las nuevas exigencias y crecientes demandas de una econom\u00eda competitiva y globalizada, la Universidad est\u00e1 realizando significativas reformas e incorporando importantes innovaciones en la oferta de nuevos&hellip;","_links":{"self":[{"href":"https:\/\/postgrado.eco.una.py\/index.php?rest_route=\/wp\/v2\/pages\/2508","targetHints":{"allow":["GET"]}}],"collection":[{"href":"https:\/\/postgrado.eco.una.py\/index.php?rest_route=\/wp\/v2\/pages"}],"about":[{"href":"https:\/\/postgrado.eco.una.py\/index.php?rest_route=\/wp\/v2\/types\/page"}],"author":[{"embeddable":true,"href":"https:\/\/postgrado.eco.una.py\/index.php?rest_route=\/wp\/v2\/users\/2"}],"replies":[{"embeddable":true,"href":"https:\/\/postgrado.eco.una.py\/index.php?rest_route=%2Fwp%2Fv2%2Fcomments&post=2508"}],"version-history":[{"count":60,"href":"https:\/\/postgrado.eco.una.py\/index.php?rest_route=\/wp\/v2\/pages\/2508\/revisions"}],"predecessor-version":[{"id":4080,"href":"https:\/\/postgrado.eco.una.py\/index.php?rest_route=\/wp\/v2\/pages\/2508\/revisions\/4080"}],"wp:attachment":[{"href":"https:\/\/postgrado.eco.una.py\/index.php?rest_route=%2Fwp%2Fv2%2Fmedia&parent=2508"}],"curies":[{"name":"wp","href":"https:\/\/api.w.org\/{rel}","templated":true}]}}