{"id":2084,"date":"2024-09-13T00:45:42","date_gmt":"2024-09-13T04:45:42","guid":{"rendered":"https:\/\/postgrado.eco.una.py\/?page_id=2084"},"modified":"2024-11-04T19:13:14","modified_gmt":"2024-11-04T22:13:14","slug":"especializaciones-3","status":"publish","type":"page","link":"https:\/\/postgrado.eco.una.py\/?page_id=2084","title":{"rendered":"ESPECIALIZACIONES"},"content":{"rendered":"\n<div class=\"wp-block-uagb-container uagb-block-0cccfd47 alignfull uagb-is-root-container\"><div class=\"uagb-container-inner-blocks-wrap\">\n<div class=\"wp-block-columns is-layout-flex wp-container-core-columns-is-layout-1 wp-block-columns-is-layout-flex\">\n<div class=\"wp-block-column is-vertically-aligned-top is-layout-flow wp-block-column-is-layout-flow\">\n<div style=\"height:63px\" aria-hidden=\"true\" class=\"wp-block-spacer\"><\/div>\n\n\n\n<div class=\"wp-block-uagb-advanced-heading uagb-block-e7ff0fbb\"><h2 class=\"uagb-heading-text\"><strong>ESPECIALIZACIONES<\/strong><\/h2><div class=\"uagb-separator\"><\/div><\/div>\n<\/div>\n\n\n\n<div class=\"wp-block-column is-layout-flow wp-block-column-is-layout-flow\">\n<div class=\"wp-block-group is-nowrap is-layout-flex wp-container-core-group-is-layout-1 wp-block-group-is-layout-flex\">\n<div class=\"wp-block-uagb-image uagb-block-dbff3112 wp-block-uagb-image--layout-default wp-block-uagb-image--effect-zoomin wp-block-uagb-image--align-none\"><figure class=\"wp-block-uagb-image__figure\"><a class=\"\" href=\"https:\/\/postgrado.eco.una.py\/?page_id=2850\" target=\"_blank\" rel=\"noreferrer noopener\"><img decoding=\"async\" srcset=\"https:\/\/postgrado.eco.una.py\/wp-content\/uploads\/2024\/09\/ESPECIALIZACION-EN-MICROFINANZAS-Y-RIESGOS-1.png ,https:\/\/postgrado.eco.una.py\/wp-content\/uploads\/2024\/09\/ESPECIALIZACION-EN-MICROFINANZAS-Y-RIESGOS-1.png 780w, https:\/\/postgrado.eco.una.py\/wp-content\/uploads\/2024\/09\/ESPECIALIZACION-EN-MICROFINANZAS-Y-RIESGOS-1.png 360w\" sizes=\"auto, (max-width: 480px) 150px\" src=\"https:\/\/postgrado.eco.una.py\/wp-content\/uploads\/2024\/09\/ESPECIALIZACION-EN-MICROFINANZAS-Y-RIESGOS-1.png\" alt=\"\" class=\"uag-image-2606\" width=\"300\" height=\"150\" title=\"ESPECIALIZACI\u00d3N EN MICROFINANZAS Y RIESGOS\" loading=\"lazy\" role=\"img\"\/><\/a><\/figure><\/div>\n\n\n\n<div class=\"wp-block-uagb-image uagb-block-3628c8e1 wp-block-uagb-image--layout-default wp-block-uagb-image--effect-zoomin wp-block-uagb-image--align-none\"><figure class=\"wp-block-uagb-image__figure\"><a class=\"\" href=\"https:\/\/postgrado.eco.una.py\/?page_id=2853\" target=\"_blank\" rel=\"noreferrer noopener\"><img decoding=\"async\" srcset=\"https:\/\/postgrado.eco.una.py\/wp-content\/uploads\/2024\/09\/ESPECIALIZACION-EN-AUDITORIA-IMPOSITIVA.png ,https:\/\/postgrado.eco.una.py\/wp-content\/uploads\/2024\/09\/ESPECIALIZACION-EN-AUDITORIA-IMPOSITIVA.png 780w, https:\/\/postgrado.eco.una.py\/wp-content\/uploads\/2024\/09\/ESPECIALIZACION-EN-AUDITORIA-IMPOSITIVA.png 360w\" sizes=\"auto, (max-width: 480px) 150px\" src=\"https:\/\/postgrado.eco.una.py\/wp-content\/uploads\/2024\/09\/ESPECIALIZACION-EN-AUDITORIA-IMPOSITIVA.png\" alt=\"\" class=\"uag-image-2600\" width=\"300\" height=\"150\" title=\"ESPECIALIZACI\u00d3N EN AUDITOR\u00cdA IMPOSITIVA\" loading=\"lazy\" role=\"img\"\/><\/a><\/figure><\/div>\n<\/div>\n\n\n\n<div class=\"wp-block-group is-nowrap is-layout-flex wp-container-core-group-is-layout-2 wp-block-group-is-layout-flex\">\n<div class=\"wp-block-uagb-image uagb-block-56857e79 wp-block-uagb-image--layout-default wp-block-uagb-image--effect-zoomin wp-block-uagb-image--align-none\"><figure class=\"wp-block-uagb-image__figure\"><a class=\"\" href=\"https:\/\/postgrado.eco.una.py\/?page_id=2858\" target=\"_blank\" rel=\"noreferrer noopener\"><img decoding=\"async\" srcset=\"https:\/\/postgrado.eco.una.py\/wp-content\/uploads\/2024\/09\/ESPECIALIZACION-EN-GESTION-DE-PROYECTOS-DE-DESARROLLO.png ,https:\/\/postgrado.eco.una.py\/wp-content\/uploads\/2024\/09\/ESPECIALIZACION-EN-GESTION-DE-PROYECTOS-DE-DESARROLLO.png 780w, https:\/\/postgrado.eco.una.py\/wp-content\/uploads\/2024\/09\/ESPECIALIZACION-EN-GESTION-DE-PROYECTOS-DE-DESARROLLO.png 360w\" sizes=\"auto, (max-width: 480px) 150px\" src=\"https:\/\/postgrado.eco.una.py\/wp-content\/uploads\/2024\/09\/ESPECIALIZACION-EN-GESTION-DE-PROYECTOS-DE-DESARROLLO.png\" alt=\"\" class=\"uag-image-2602\" width=\"300\" height=\"150\" title=\"ESPECIALIZACI\u00d3N EN GESTI\u00d3N DE PROYECTOS DE DESARROLLO\" loading=\"lazy\" role=\"img\"\/><\/a><\/figure><\/div>\n\n\n\n<div class=\"wp-block-uagb-image uagb-block-056333c2 wp-block-uagb-image--layout-default wp-block-uagb-image--effect-zoomin wp-block-uagb-image--align-none\"><figure class=\"wp-block-uagb-image__figure\"><a class=\"\" href=\"https:\/\/postgrado.eco.una.py\/?page_id=2407\" target=\"_blank\" rel=\"noreferrer noopener\"><img decoding=\"async\" srcset=\"https:\/\/postgrado.eco.una.py\/wp-content\/uploads\/2024\/09\/ESPECIALIZACION-EN-TECNICAS-Y-PROCEDIMIENTOS-PARA-LA-PREPARACION-DE-TESIS.png ,https:\/\/postgrado.eco.una.py\/wp-content\/uploads\/2024\/09\/ESPECIALIZACION-EN-TECNICAS-Y-PROCEDIMIENTOS-PARA-LA-PREPARACION-DE-TESIS.png 780w, https:\/\/postgrado.eco.una.py\/wp-content\/uploads\/2024\/09\/ESPECIALIZACION-EN-TECNICAS-Y-PROCEDIMIENTOS-PARA-LA-PREPARACION-DE-TESIS.png 360w\" sizes=\"auto, (max-width: 480px) 150px\" src=\"https:\/\/postgrado.eco.una.py\/wp-content\/uploads\/2024\/09\/ESPECIALIZACION-EN-TECNICAS-Y-PROCEDIMIENTOS-PARA-LA-PREPARACION-DE-TESIS.png\" alt=\"\" class=\"uag-image-2604\" width=\"300\" height=\"150\" title=\"ESPECIALIZACI\u00d3N EN T\u00c9CNICAS Y PROCEDIMIENTOS PARA LA PREPARACI\u00d3N DE TESIS\" loading=\"lazy\" role=\"img\"\/><\/a><\/figure><\/div>\n<\/div>\n\n\n\n<div class=\"wp-block-group is-nowrap is-layout-flex wp-container-core-group-is-layout-3 wp-block-group-is-layout-flex\">\n<div class=\"wp-block-uagb-image alignleft uagb-block-376d0319 wp-block-uagb-image--layout-default wp-block-uagb-image--effect-zoomin wp-block-uagb-image--align-left\"><figure class=\"wp-block-uagb-image__figure\"><a class=\"\" href=\"https:\/\/postgrado.eco.una.py\/?page_id=2860\" target=\"_blank\" rel=\"noreferrer noopener\"><img decoding=\"async\" srcset=\"https:\/\/postgrado.eco.una.py\/wp-content\/uploads\/2024\/09\/ESPECIALIZACION-EN-DIDACTICA-DE-LA-EDUCACION-SUPERIOR.png ,https:\/\/postgrado.eco.una.py\/wp-content\/uploads\/2024\/09\/ESPECIALIZACION-EN-DIDACTICA-DE-LA-EDUCACION-SUPERIOR.png 780w, https:\/\/postgrado.eco.una.py\/wp-content\/uploads\/2024\/09\/ESPECIALIZACION-EN-DIDACTICA-DE-LA-EDUCACION-SUPERIOR.png 360w\" sizes=\"auto, (max-width: 480px) 150px\" src=\"https:\/\/postgrado.eco.una.py\/wp-content\/uploads\/2024\/09\/ESPECIALIZACION-EN-DIDACTICA-DE-LA-EDUCACION-SUPERIOR.png\" alt=\"\" class=\"uag-image-2601\" width=\"300\" height=\"150\" title=\"ESPECIALIZACI\u00d3N EN DID\u00c1CTICA DE LA EDUCACI\u00d3N SUPERIOR\" loading=\"lazy\" role=\"img\"\/><\/a><\/figure><\/div>\n\n\n\n<div class=\"wp-block-uagb-image alignleft uagb-block-c671a174 wp-block-uagb-image--layout-default wp-block-uagb-image--effect-zoomin wp-block-uagb-image--align-left\"><figure class=\"wp-block-uagb-image__figure\"><img decoding=\"async\" srcset=\"https:\/\/postgrado.eco.una.py\/wp-content\/uploads\/2024\/11\/TRNPRENTE.png ,https:\/\/postgrado.eco.una.py\/wp-content\/uploads\/2024\/11\/TRNPRENTE.png 780w, https:\/\/postgrado.eco.una.py\/wp-content\/uploads\/2024\/11\/TRNPRENTE.png 360w\" sizes=\"auto, (max-width: 480px) 150px\" src=\"https:\/\/postgrado.eco.una.py\/wp-content\/uploads\/2024\/11\/TRNPRENTE.png\" alt=\"\" class=\"uag-image-3524\" width=\"300\" height=\"150\" title=\"TRNPRENTE\" loading=\"lazy\" role=\"img\"\/><\/figure><\/div>\n<\/div>\n<\/div>\n<\/div>\n<\/div><\/div>\n\n\n\n<p><\/p>\n","protected":false},"excerpt":{"rendered":"<p>ESPECIALIZACIONES<\/p>\n","protected":false},"author":2,"featured_media":0,"parent":0,"menu_order":0,"comment_status":"closed","ping_status":"closed","template":"","meta":{"_uag_custom_page_level_css":"","site-sidebar-layout":"default","site-content-layout":"","ast-site-content-layout":"default","site-content-style":"default","site-sidebar-style":"default","ast-global-header-display":"","ast-banner-title-visibility":"","ast-main-header-display":"","ast-hfb-above-header-display":"","ast-hfb-below-header-display":"","ast-hfb-mobile-header-display":"","site-post-title":"disabled","ast-breadcrumbs-content":"","ast-featured-img":"","footer-sml-layout":"","theme-transparent-header-meta":"","adv-header-id-meta":"","stick-header-meta":"","header-above-stick-meta":"","header-main-stick-meta":"","header-below-stick-meta":"","astra-migrate-meta-layouts":"set","ast-page-background-enabled":"default","ast-page-background-meta":{"desktop":{"background-color":"","background-image":"","background-repeat":"repeat","background-position":"center center","background-size":"auto","background-attachment":"scroll","background-type":"","background-media":"","overlay-type":"","overlay-color":"","overlay-opacity":"","overlay-gradient":""},"tablet":{"background-color":"","background-image":"","background-repeat":"repeat","background-position":"center center","background-size":"auto","background-attachment":"scroll","background-type":"","background-media":"","overlay-type":"","overlay-color":"","overlay-opacity":"","overlay-gradient":""},"mobile":{"background-color":"","background-image":"","background-repeat":"repeat","background-position":"center center","background-size":"auto","background-attachment":"scroll","background-type":"","background-media":"","overlay-type":"","overlay-color":"","overlay-opacity":"","overlay-gradient":""}},"ast-content-background-meta":{"desktop":{"background-color":"var(--ast-global-color-5)","background-image":"","background-repeat":"repeat","background-position":"center center","background-size":"auto","background-attachment":"scroll","background-type":"","background-media":"","overlay-type":"","overlay-color":"","overlay-opacity":"","overlay-gradient":""},"tablet":{"background-color":"var(--ast-global-color-5)","background-image":"","background-repeat":"repeat","background-position":"center center","background-size":"auto","background-attachment":"scroll","background-type":"","background-media":"","overlay-type":"","overlay-color":"","overlay-opacity":"","overlay-gradient":""},"mobile":{"background-color":"var(--ast-global-color-5)","background-image":"","background-repeat":"repeat","background-position":"center center","background-size":"auto","background-attachment":"scroll","background-type":"","background-media":"","overlay-type":"","overlay-color":"","overlay-opacity":"","overlay-gradient":""}},"footnotes":""},"class_list":["post-2084","page","type-page","status-publish","hentry"],"uagb_featured_image_src":{"full":false,"thumbnail":false,"medium":false,"medium_large":false,"large":false,"1536x1536":false,"2048x2048":false},"uagb_author_info":{"display_name":"Rodrigo Acosta","author_link":"https:\/\/postgrado.eco.una.py\/?author=2"},"uagb_comment_info":0,"uagb_excerpt":"ESPECIALIZACIONES","_links":{"self":[{"href":"https:\/\/postgrado.eco.una.py\/index.php?rest_route=\/wp\/v2\/pages\/2084","targetHints":{"allow":["GET"]}}],"collection":[{"href":"https:\/\/postgrado.eco.una.py\/index.php?rest_route=\/wp\/v2\/pages"}],"about":[{"href":"https:\/\/postgrado.eco.una.py\/index.php?rest_route=\/wp\/v2\/types\/page"}],"author":[{"embeddable":true,"href":"https:\/\/postgrado.eco.una.py\/index.php?rest_route=\/wp\/v2\/users\/2"}],"replies":[{"embeddable":true,"href":"https:\/\/postgrado.eco.una.py\/index.php?rest_route=%2Fwp%2Fv2%2Fcomments&post=2084"}],"version-history":[{"count":23,"href":"https:\/\/postgrado.eco.una.py\/index.php?rest_route=\/wp\/v2\/pages\/2084\/revisions"}],"predecessor-version":[{"id":4254,"href":"https:\/\/postgrado.eco.una.py\/index.php?rest_route=\/wp\/v2\/pages\/2084\/revisions\/4254"}],"wp:attachment":[{"href":"https:\/\/postgrado.eco.una.py\/index.php?rest_route=%2Fwp%2Fv2%2Fmedia&parent=2084"}],"curies":[{"name":"wp","href":"https:\/\/api.w.org\/{rel}","templated":true}]}}